{"id":995,"date":"2025-08-20T09:47:06","date_gmt":"2025-08-20T07:47:06","guid":{"rendered":"https:\/\/refletsdarbres.fr\/?post_type=product&#038;p=995"},"modified":"2025-11-22T14:56:07","modified_gmt":"2025-11-22T13:56:07","slug":"cerise-bigarreau-moreau","status":"publish","type":"product","link":"https:\/\/refletsdarbres.fr\/index.php\/produit\/cerise-bigarreau-moreau\/","title":{"rendered":"Cerise Bigarreau moreau"},"content":{"rendered":"<p>Le Cerisier Bigarreau Moreau est connu pour sa robustesse et sa productivit\u00e9. Les cerises de couleur rouge presque noire \u00e0 maturit\u00e9 et \u00e0 la chair ferme et juteuse, offrent une saveur sucr\u00e9e et sont particuli\u00e8rement r\u00e9sistantes \u00e0 l\u2019\u00e9clatement. La r\u00e9colte s&rsquo;effectue de fin mai \u00e0 d\u00e9but juin. Cette vari\u00e9t\u00e9 ancienne, obtenue aux Charmes dans le Rh\u00f4ne, est tr\u00e8s pris\u00e9e dans le sud-est de la France. Cette vari\u00e9t\u00e9 offre une bonne r\u00e9sistance aux maladies communes des cerisiers mais est sensible aux gel\u00e9es tardives. Attention, ce cerisier n&rsquo;est pas autofertile, associez-le avec une vari\u00e9t\u00e9 fleurissant \u00e0 la m\u00eame p\u00e9riode (mars &#8211; avril).<\/p>\n<p>&nbsp;<\/p>\n<p><a href=\"https:\/\/refletsdarbres.fr\/index.php\/periodes-de-floraison-et-de-recolte\/\" target=\"_blank\" rel=\"noopener\"><u>Pour vous mieux choisir vos vari\u00e9t\u00e9s, cliquez ici pour consulter les calendriers de floraison et de r\u00e9colte.<\/u><\/a><\/p>\n<p>&nbsp;<\/p>\n<p>Les portes-greffes de cerisier, sont \u00e9galement des esp\u00e8ces de cerises sauvages que l&rsquo;on trouve dans nos for\u00eats p\u00e9rigourdines :<\/p>\n<p>&#8211; <strong>Sainte-Lucie<\/strong> : un porte-greffe id\u00e9al pour les sols secs, pierreux et calcaires. Il engendre des cerisiers plus petits, ce qui facilite la cueillette, avec une mise \u00e0 fruits plus rapide, mais une dur\u00e9e de vie plus courte. Il est sensible aux sols d\u00e9tremp\u00e9s et asphyxiants.<\/p>\n<p>&#8211; <strong>Merisier<\/strong> : un porte-greffe extr\u00eamement robuste, produisant des cerisiers de grande taille, tr\u00e8s productifs et durables, mais avec une mise \u00e0 fruits tardive (4-5 ans). Il prosp\u00e8re dans des sols sableux\/argileux, profonds et perm\u00e9ables, mais \u00e9vite les sols excessivement asphyxiants, calcaires et les zones tr\u00e8s s\u00e8ches.<\/p>\n<p>Actuellement, tous les arbres passent 2 saisons \u00e0 la p\u00e9pini\u00e8re.<\/p>\n","protected":false},"excerpt":{"rendered":"<p><em>Prunus Cerasus<\/em> \u2013 Familles des Rosac\u00e9es<\/p>\n<p>Connu pour sa robustesse et sa productivit\u00e9. Cerises de couleur rouge presque noire \u00e0 maturit\u00e9 et \u00e0 la chair ferme et juteuse, r\u00e9sistantes \u00e0 l\u2019\u00e9clatement. R\u00e9colte fin mai \u00e0 d\u00e9but juin. Bonne r\u00e9sistance aux maladies communes des cerisiers mais est sensible aux gel\u00e9es tardives. Non autofertile.<\/p>\n","protected":false},"featured_media":0,"template":"","meta":[],"product_brand":[],"product_cat":[38,23],"product_tag":[],"class_list":{"0":"post-995","1":"product","2":"type-product","3":"status-publish","5":"product_cat-arbres-fruitiers","6":"product_cat-cerisiers","8":"entry","10":"first","11":"outofstock","12":"taxable","13":"shipping-taxable","14":"purchasable","15":"product-type-variable","16":"has-default-attributes","17":"has-product-nav","18":"col","19":"span_1_of_4","20":"owp-content-center","21":"item-entry","22":"owp-thumbs-layout-horizontal","23":"owp-btn-normal","24":"owp-tabs-layout-section","25":"has-no-thumbnails"},"_links":{"self":[{"href":"https:\/\/refletsdarbres.fr\/index.php\/wp-json\/wp\/v2\/product\/995","targetHints":{"allow":["GET"]}}],"collection":[{"href":"https:\/\/refletsdarbres.fr\/index.php\/wp-json\/wp\/v2\/product"}],"about":[{"href":"https:\/\/refletsdarbres.fr\/index.php\/wp-json\/wp\/v2\/types\/product"}],"wp:attachment":[{"href":"https:\/\/refletsdarbres.fr\/index.php\/wp-json\/wp\/v2\/media?parent=995"}],"wp:term":[{"taxonomy":"product_brand","embeddable":true,"href":"https:\/\/refletsdarbres.fr\/index.php\/wp-json\/wp\/v2\/product_brand?post=995"},{"taxonomy":"product_cat","embeddable":true,"href":"https:\/\/refletsdarbres.fr\/index.php\/wp-json\/wp\/v2\/product_cat?post=995"},{"taxonomy":"product_tag","embeddable":true,"href":"https:\/\/refletsdarbres.fr\/index.php\/wp-json\/wp\/v2\/product_tag?post=995"}],"curies":[{"name":"wp","href":"https:\/\/api.w.org\/{rel}","templated":true}]}}