{"id":984,"date":"2025-08-20T09:15:26","date_gmt":"2025-08-20T07:15:26","guid":{"rendered":"https:\/\/refletsdarbres.fr\/?post_type=product&#038;p=984"},"modified":"2026-03-22T11:04:02","modified_gmt":"2026-03-22T10:04:02","slug":"cerise-bigarreau-napoleon","status":"publish","type":"product","link":"https:\/\/refletsdarbres.fr\/index.php\/produit\/cerise-bigarreau-napoleon\/","title":{"rendered":"Cerise Bigarreau Napol\u00e9on"},"content":{"rendered":"<p data-start=\"260\" data-end=\"568\">Le cerisier Napol\u00e9on, ou cerisier Bigarreau Napol\u00e9on, est une vari\u00e9t\u00e9 ancienne et tr\u00e8s appr\u00e9ci\u00e9e pour ses cerises croquantes, juteuses et sucr\u00e9es. Robuste et productif, il s\u2019adapte bien aux climats temp\u00e9r\u00e9s. La cerise est jaune clair, parfois teint\u00e9e de rose au soleil et se r\u00e9colte d\u00e9bute \u00e0 la mi-juin. Sa chair est ferme, juteuse, sucr\u00e9e avec une l\u00e9g\u00e8re note acidul\u00e9e. Id\u00e9ale \u00e0 croquer ou \u00e0 d\u00e9guster en clafoutis, confiture ou en conserve. Sa texture tient bien \u00e0 la cuisson. Le cerisier Napol\u00e9on est partiellement autofertile, pour une bonne r\u00e9colte, associez-le \u00e0 un cerisier G\u00e9ant d\u2019Hedelfingen.<\/p>\n<p data-start=\"260\" data-end=\"568\">\n<p data-start=\"260\" data-end=\"568\"><a href=\"https:\/\/refletsdarbres.fr\/index.php\/periodes-de-floraison-et-de-recolte\/\" target=\"_blank\" rel=\"noopener\"><u>Pour vous mieux choisir vos vari\u00e9t\u00e9s, cliquez ici pour consulter les calendriers de floraison et de r\u00e9colte.<\/u><\/a><\/p>\n<p data-start=\"260\" data-end=\"568\">\n<p>Les portes-greffes de cerisier, sont \u00e9galement des esp\u00e8ces de cerises sauvages que l&rsquo;on trouve dans nos for\u00eats p\u00e9rigourdines :<\/p>\n<p>&#8211; <strong>Sainte-Lucie<\/strong> : un porte-greffe id\u00e9al pour les sols secs, pierreux et calcaires. Il engendre des cerisiers plus petits, ce qui facilite la cueillette, avec une mise \u00e0 fruits plus rapide, mais une dur\u00e9e de vie plus courte. Il est sensible aux sols d\u00e9tremp\u00e9s et asphyxiants.<\/p>\n<p>&#8211; <strong>Merisier<\/strong> : un porte-greffe extr\u00eamement robuste, produisant des cerisiers de grande taille, tr\u00e8s productifs et durables, mais avec une mise \u00e0 fruits tardive (4-5 ans). Il prosp\u00e8re dans des sols sableux\/argileux, profonds et perm\u00e9ables, mais \u00e9vite les sols excessivement asphyxiants, calcaires et les zones tr\u00e8s s\u00e8ches.<\/p>\n<p>Actuellement, tous les arbres passent 2 saisons \u00e0 la p\u00e9pini\u00e8re.<\/p>\n","protected":false},"excerpt":{"rendered":"<p><em>Prunus Cerasus<\/em> \u2013 Familles des Rosac\u00e9es<\/p>\n<p>Vari\u00e9t\u00e9 ancienne et tr\u00e8s appr\u00e9ci\u00e9e pour ses cerises croquantes, juteuses et sucr\u00e9es. Robuste et productif, il s\u2019adapte bien aux climats temp\u00e9r\u00e9s. Cerise jaune clair et se r\u00e9colte d\u00e9bute \u00e0 la mi-juin. Sa chair est ferme, juteuse, sucr\u00e9e avec une l\u00e9g\u00e8re note acidul\u00e9e. Napol\u00e9on est partiellement autofertile, associez-le \u00e0 un cerisier G\u00e9ant d\u2019Hedelfingen.<\/p>\n","protected":false},"featured_media":0,"template":"","meta":[],"product_brand":[],"product_cat":[38,23],"product_tag":[],"class_list":{"0":"post-984","1":"product","2":"type-product","3":"status-publish","5":"product_cat-arbres-fruitiers","6":"product_cat-cerisiers","8":"entry","10":"first","11":"outofstock","12":"taxable","13":"shipping-taxable","14":"purchasable","15":"product-type-variable","16":"has-default-attributes","17":"has-product-nav","18":"col","19":"span_1_of_4","20":"owp-content-center","21":"item-entry","22":"owp-thumbs-layout-horizontal","23":"owp-btn-normal","24":"owp-tabs-layout-section","25":"has-no-thumbnails"},"_links":{"self":[{"href":"https:\/\/refletsdarbres.fr\/index.php\/wp-json\/wp\/v2\/product\/984","targetHints":{"allow":["GET"]}}],"collection":[{"href":"https:\/\/refletsdarbres.fr\/index.php\/wp-json\/wp\/v2\/product"}],"about":[{"href":"https:\/\/refletsdarbres.fr\/index.php\/wp-json\/wp\/v2\/types\/product"}],"wp:attachment":[{"href":"https:\/\/refletsdarbres.fr\/index.php\/wp-json\/wp\/v2\/media?parent=984"}],"wp:term":[{"taxonomy":"product_brand","embeddable":true,"href":"https:\/\/refletsdarbres.fr\/index.php\/wp-json\/wp\/v2\/product_brand?post=984"},{"taxonomy":"product_cat","embeddable":true,"href":"https:\/\/refletsdarbres.fr\/index.php\/wp-json\/wp\/v2\/product_cat?post=984"},{"taxonomy":"product_tag","embeddable":true,"href":"https:\/\/refletsdarbres.fr\/index.php\/wp-json\/wp\/v2\/product_tag?post=984"}],"curies":[{"name":"wp","href":"https:\/\/api.w.org\/{rel}","templated":true}]}}