{"id":967,"date":"2025-08-20T08:48:54","date_gmt":"2025-08-20T06:48:54","guid":{"rendered":"https:\/\/refletsdarbres.fr\/?post_type=product&#038;p=967"},"modified":"2026-03-22T11:06:19","modified_gmt":"2026-03-22T10:06:19","slug":"cerise-royale-anglaise","status":"publish","type":"product","link":"https:\/\/refletsdarbres.fr\/index.php\/produit\/cerise-royale-anglaise\/","title":{"rendered":"Cerise Royale anglaise"},"content":{"rendered":"<p>Vari\u00e9t\u00e9 pr\u00e9sente depuis plusieurs si\u00e8cles en Gironde o\u00f9 elle est aussi appel\u00e9e Griotte h\u00e2tive. On d\u00e9guste ses premiers fruits \u00e0 partir de la mi-mai. Ceux-ci sont d&rsquo;assez gros calibre d&rsquo;un rouge fonc\u00e9 presque noir \u00e0 maturit\u00e9. Sa chair est fondante, tr\u00e8s juteuse, tr\u00e8s sucr\u00e9e et l\u00e9g\u00e8rement acidul\u00e9e, de tr\u00e8s bonne qualit\u00e9 gustative. L&rsquo;arbre est vigoureux et tr\u00e8s fertile avec une l\u00e9g\u00e8re sensibilit\u00e9 au monilia sur fruits.<\/p>\n<p>&nbsp;<\/p>\n<p><a href=\"https:\/\/refletsdarbres.fr\/index.php\/periodes-de-floraison-et-de-recolte\/\" target=\"_blank\" rel=\"noopener\"><u>Pour vous mieux choisir vos vari\u00e9t\u00e9s, cliquez ici pour consulter les calendriers de floraison et de r\u00e9colte.<\/u><\/a><\/p>\n<p>&nbsp;<\/p>\n<p>Les portes-greffes de cerisier, sont \u00e9galement des esp\u00e8ces de cerises sauvages que l&rsquo;on trouve dans nos for\u00eats p\u00e9rigourdines :<\/p>\n<p>&#8211; <strong>Sainte-Lucie<\/strong> : un porte-greffe id\u00e9al pour les sols secs, pierreux et calcaires. Il engendre des cerisiers plus petits, ce qui facilite la cueillette, avec une mise \u00e0 fruits plus rapide, mais une dur\u00e9e de vie plus courte. Il est sensible aux sols d\u00e9tremp\u00e9s et asphyxiants.<\/p>\n<p>&#8211; <strong>Merisier<\/strong> : un porte-greffe extr\u00eamement robuste, produisant des cerisiers de grande taille, tr\u00e8s productifs et durables, mais avec une mise \u00e0 fruits tardive (4-5 ans). Il prosp\u00e8re dans des sols sableux\/argileux, profonds et perm\u00e9ables, mais \u00e9vite les sols excessivement asphyxiants, calcaires et les zones tr\u00e8s s\u00e8ches.<\/p>\n<p>Actuellement, tous les arbres passent 2 saisons \u00e0 la p\u00e9pini\u00e8re.<\/p>\n","protected":false},"excerpt":{"rendered":"<p><em>Prunus Cerasus<\/em> \u2013 Familles des Rosac\u00e9es<\/p>\n<p>Vari\u00e9t\u00e9 girondine o\u00f9 aussi appel\u00e9e Griotte h\u00e2tive. Premiers fruits \u00e0 partir de la mi-mai. Gros calibre rouge fonc\u00e9 presque noir \u00e0 maturit\u00e9. Chair est fondante, tr\u00e8s juteuse, tr\u00e8s sucr\u00e9e et l\u00e9g\u00e8rement acidul\u00e9e, de tr\u00e8s bonne qualit\u00e9 gustative. Arbre vigoureux et tr\u00e8s fertile.<\/p>\n","protected":false},"featured_media":0,"template":"","meta":[],"product_brand":[],"product_cat":[38,23],"product_tag":[],"class_list":{"0":"post-967","1":"product","2":"type-product","3":"status-publish","5":"product_cat-arbres-fruitiers","6":"product_cat-cerisiers","8":"entry","10":"first","11":"outofstock","12":"taxable","13":"shipping-taxable","14":"purchasable","15":"product-type-variable","16":"has-default-attributes","17":"has-product-nav","18":"col","19":"span_1_of_4","20":"owp-content-center","21":"item-entry","22":"owp-thumbs-layout-horizontal","23":"owp-btn-normal","24":"owp-tabs-layout-section","25":"has-no-thumbnails"},"_links":{"self":[{"href":"https:\/\/refletsdarbres.fr\/index.php\/wp-json\/wp\/v2\/product\/967","targetHints":{"allow":["GET"]}}],"collection":[{"href":"https:\/\/refletsdarbres.fr\/index.php\/wp-json\/wp\/v2\/product"}],"about":[{"href":"https:\/\/refletsdarbres.fr\/index.php\/wp-json\/wp\/v2\/types\/product"}],"wp:attachment":[{"href":"https:\/\/refletsdarbres.fr\/index.php\/wp-json\/wp\/v2\/media?parent=967"}],"wp:term":[{"taxonomy":"product_brand","embeddable":true,"href":"https:\/\/refletsdarbres.fr\/index.php\/wp-json\/wp\/v2\/product_brand?post=967"},{"taxonomy":"product_cat","embeddable":true,"href":"https:\/\/refletsdarbres.fr\/index.php\/wp-json\/wp\/v2\/product_cat?post=967"},{"taxonomy":"product_tag","embeddable":true,"href":"https:\/\/refletsdarbres.fr\/index.php\/wp-json\/wp\/v2\/product_tag?post=967"}],"curies":[{"name":"wp","href":"https:\/\/api.w.org\/{rel}","templated":true}]}}