{"id":863,"date":"2025-08-19T10:54:24","date_gmt":"2025-08-19T08:54:24","guid":{"rendered":"https:\/\/refletsdarbres.fr\/?post_type=product&#038;p=863"},"modified":"2026-03-04T13:16:17","modified_gmt":"2026-03-04T12:16:17","slug":"peche-roussane-royale","status":"publish","type":"product","link":"https:\/\/refletsdarbres.fr\/index.php\/produit\/peche-roussane-royale\/","title":{"rendered":"P\u00eache Roussane royale"},"content":{"rendered":"<p>Le P\u00eacher Roussanne Royale est une vari\u00e9t\u00e9 ancienne originaire des Landes. Elle se distingue par sa chair jaune orang\u00e9e, juteuse et fondante. Les fruits de calibre moyen \u00e0 gros pr\u00e9sentent une belle robe jaune-orang\u00e9 macul\u00e9e et se r\u00e9coltent \u00e0 la mi-ao\u00fbt. La chair est particuli\u00e8rement tendre et juteuse. Avec un taux de sucre \u00e9lev\u00e9 et une pointe d\u2019acidit\u00e9 \u00e9quilibr\u00e9e, cette p\u00eache offre une saveur douce et tr\u00e8s parfum\u00e9e qui ravit les palais les plus exigeants. Cette vari\u00e9t\u00e9 offre une r\u00e9sistance mod\u00e9r\u00e9e aux principales maladies du p\u00eacher : moyennement sensible \u00e0 la cloque et peu sensible au monilia.<\/p>\n<p>&nbsp;<\/p>\n<p><a href=\"https:\/\/refletsdarbres.fr\/index.php\/periodes-de-floraison-et-de-recolte\/\" target=\"_blank\" rel=\"noopener\"><u>Pour vous mieux choisir vos vari\u00e9t\u00e9s, cliquez ici pour consulter les calendriers de floraison et de r\u00e9colte.<\/u><\/a><\/p>\n<p>&nbsp;<\/p>\n<p>Les portes-greffes de p\u00eacher :<\/p>\n<p>&#8211; <strong>Rubira<\/strong> : porte-greffe \u00e0 feuilles rouges, facilitant la d\u00e9tection des rejets. De vigueur moyenne mais produit des arbres robustes de 2,5 \u00e0 4 m\u00e8tres ayant une long\u00e9vit\u00e9 de 25 ans. Adapt\u00e9 aux sols drain\u00e9s et l\u00e9g\u00e8rement acides, id\u00e9al pour les sols drainants ou pauvres. Il est appr\u00e9ci\u00e9 pour son excellente compatibilit\u00e9 avec diverses vari\u00e9t\u00e9s d\u2019abricotiers exigeantes et sa r\u00e9sistance \u00e0 la bact\u00e9riose.<br \/>\n<em>Note<\/em> : Ce porte-greffe est utilis\u00e9 pour r\u00e9pondre \u00e0 vos besoins mais n&rsquo;est pas adapt\u00e9 au sol argileux de la p\u00e9pini\u00e8re, les arbres produits sont donc de petite taille mais retrouveront une belle croissance une fois install\u00e9s dans le sol ad\u00e9quat.<\/p>\n<p>&#8211; <strong>Montclar<\/strong> : porte-greffe de forte vigueur, favorisant une croissance rapide. Adapt\u00e9 \u00e0 tout type de sol et notamment tol\u00e8re bien les sols lourds et compacts. Il peut atteindre 4 \u00e0 5 m\u00e8tres.<\/p>\n<p>&#8211; <strong>Franc<\/strong> : porte-greffe issus de semis r\u00e9alis\u00e9s \u00e0 partir de noyaux de vari\u00e9t\u00e9s r\u00e9sistantes aux principales maladies cultiv\u00e9es \u00e0 la p\u00e9pini\u00e8re s&rsquo;\u00e9tant donc parfaitement adapt\u00e9 au climat local.<\/p>\n<p>Petit rappel de vocabulaire :<br \/>\n&#8211; P\u00eache : peau duveteuse et noyau libre, non adh\u00e9rent \u00e0 la chair<br \/>\n&#8211; Pavie : peau duveteuse et noyau adh\u00e9rent<br \/>\n&#8211; Nectarine : peau lisse et noyau libre<br \/>\n&#8211; Brugnon : peau lisse et noyau adh\u00e9rent<\/p>\n<p>Actuellement, tous les arbres passent 2 saisons \u00e0 la p\u00e9pini\u00e8re.<\/p>\n","protected":false},"excerpt":{"rendered":"<p><em>Prunus Persica<\/em> \u2013 Familles des Rosac\u00e9es<\/p>\n<p>Vari\u00e9t\u00e9 ancienne originaire des Landes. Les fruits de calibre moyen \u00e0 gros pr\u00e9sentent une belle robe jaune-orang\u00e9 macul\u00e9e et se r\u00e9coltent \u00e0 la mi-ao\u00fbt. La chair est particuli\u00e8rement tendre et juteuse avec un taux de sucre \u00e9lev\u00e9 et une pointe d\u2019acidit\u00e9 \u00e9quilibr\u00e9e. Moyennement sensible \u00e0 la cloque et peu sensible au monilia.<\/p>\n","protected":false},"featured_media":0,"template":"","meta":[],"product_brand":[],"product_cat":[38,24],"product_tag":[],"class_list":{"0":"post-863","1":"product","2":"type-product","3":"status-publish","5":"product_cat-arbres-fruitiers","6":"product_cat-pechers","8":"entry","10":"first","11":"outofstock","12":"taxable","13":"shipping-taxable","14":"purchasable","15":"product-type-variable","16":"has-default-attributes","17":"has-product-nav","18":"col","19":"span_1_of_4","20":"owp-content-center","21":"item-entry","22":"owp-thumbs-layout-horizontal","23":"owp-btn-normal","24":"owp-tabs-layout-section","25":"has-no-thumbnails"},"_links":{"self":[{"href":"https:\/\/refletsdarbres.fr\/index.php\/wp-json\/wp\/v2\/product\/863","targetHints":{"allow":["GET"]}}],"collection":[{"href":"https:\/\/refletsdarbres.fr\/index.php\/wp-json\/wp\/v2\/product"}],"about":[{"href":"https:\/\/refletsdarbres.fr\/index.php\/wp-json\/wp\/v2\/types\/product"}],"wp:attachment":[{"href":"https:\/\/refletsdarbres.fr\/index.php\/wp-json\/wp\/v2\/media?parent=863"}],"wp:term":[{"taxonomy":"product_brand","embeddable":true,"href":"https:\/\/refletsdarbres.fr\/index.php\/wp-json\/wp\/v2\/product_brand?post=863"},{"taxonomy":"product_cat","embeddable":true,"href":"https:\/\/refletsdarbres.fr\/index.php\/wp-json\/wp\/v2\/product_cat?post=863"},{"taxonomy":"product_tag","embeddable":true,"href":"https:\/\/refletsdarbres.fr\/index.php\/wp-json\/wp\/v2\/product_tag?post=863"}],"curies":[{"name":"wp","href":"https:\/\/api.w.org\/{rel}","templated":true}]}}