{"id":716,"date":"2024-11-21T14:48:10","date_gmt":"2024-11-21T13:48:10","guid":{"rendered":"https:\/\/refletsdarbres.fr\/?post_type=product&#038;p=716"},"modified":"2026-03-22T11:06:36","modified_gmt":"2026-03-22T10:06:36","slug":"cerisier-sainte-lucie","status":"publish","type":"product","link":"https:\/\/refletsdarbres.fr\/index.php\/produit\/cerisier-sainte-lucie\/","title":{"rendered":"Cerisier Sainte-Lucie"},"content":{"rendered":"<p>Arbuste buissonnant \u00e0 fleurs blanches, petites feuilles en coeur, petites cerises tr\u00e8s am\u00e8res, appr\u00e9ci\u00e9es des oiseaux. Amande utilis\u00e9e pour aromatiser les p\u00e2tisseries orientales. Peut \u00eatre utilis\u00e9 pour greffer les cerisiers, id\u00e9al pour les sols secs, pierreux et calcaires. Il engendre des cerisiers plus petits, ce qui facilite la cueillette, avec une mise \u00e0 fruits plus rapide, mais une dur\u00e9e de vie plus courte. Il est sensible aux sols d\u00e9tremp\u00e9s et asphyxiants.<\/p>\n<p>&nbsp;<\/p>\n<p><strong>A noter :<\/strong> ces arbres sont des portes-greffes qui ont rejet\u00e9 leur greffe 2 ann\u00e9es d&rsquo;affil\u00e9es mais ils doivent trouver leur emplacement d\u00e9finitif avant que leurs racines ne deviennent trop vieilles. Ayant \u00e9t\u00e9 recoup\u00e9s bas plusieurs fois, ils sont petits et affichent un retard de croissance mais repartiront bien une fois en place. A laisser en libre \u00e9volution ou \u00e0 re-greffer dans quelques temps.<\/p>\n","protected":false},"excerpt":{"rendered":"<p><em>Prunus Mahaleb<\/em> &#8211; Familles des Rosac\u00e9es<\/p>\n<p>Arbuste buissonnant \u00e0 fleurs blanches, petites feuilles en coeur, petites cerises tr\u00e8s am\u00e8res, appr\u00e9ci\u00e9es des oiseaux. Amande utilis\u00e9e pour aromatiser les p\u00e2tisseries orientales. Peut \u00eatre utilis\u00e9 pour greffer les cerisiers, id\u00e9al pour les sols secs, pierreux et calcaires. Il engendre des cerisiers plus petits, ce qui facilite la cueillette, avec une mise \u00e0 fruits plus rapide, mais une dur\u00e9e de vie plus courte. Il est sensible aux sols d\u00e9tremp\u00e9s et asphyxiants.<\/p>\n<p><strong>Pour ne pas avoir de surprise, bien lire la note dans la description d\u00e9taill\u00e9e !<\/strong><\/p>\n<p>&nbsp;<\/p>\n<p>Plants en racines nues<\/p>\n","protected":false},"featured_media":1589,"template":"","meta":[],"product_brand":[],"product_cat":[112,38,23,131],"product_tag":[],"class_list":{"0":"post-716","1":"product","2":"type-product","3":"status-publish","4":"has-post-thumbnail","6":"product_cat-arbres-champetres","7":"product_cat-arbres-fruitiers","8":"product_cat-cerisiers","9":"product_cat-portes-greffes","11":"entry","12":"has-media","14":"first","15":"outofstock","16":"taxable","17":"shipping-taxable","18":"purchasable","19":"product-type-simple","20":"has-product-nav","21":"col","22":"span_1_of_4","23":"owp-content-center","24":"item-entry","25":"owp-thumbs-layout-horizontal","26":"owp-btn-normal","27":"owp-tabs-layout-section"},"_links":{"self":[{"href":"https:\/\/refletsdarbres.fr\/index.php\/wp-json\/wp\/v2\/product\/716","targetHints":{"allow":["GET"]}}],"collection":[{"href":"https:\/\/refletsdarbres.fr\/index.php\/wp-json\/wp\/v2\/product"}],"about":[{"href":"https:\/\/refletsdarbres.fr\/index.php\/wp-json\/wp\/v2\/types\/product"}],"wp:featuredmedia":[{"embeddable":true,"href":"https:\/\/refletsdarbres.fr\/index.php\/wp-json\/wp\/v2\/media\/1589"}],"wp:attachment":[{"href":"https:\/\/refletsdarbres.fr\/index.php\/wp-json\/wp\/v2\/media?parent=716"}],"wp:term":[{"taxonomy":"product_brand","embeddable":true,"href":"https:\/\/refletsdarbres.fr\/index.php\/wp-json\/wp\/v2\/product_brand?post=716"},{"taxonomy":"product_cat","embeddable":true,"href":"https:\/\/refletsdarbres.fr\/index.php\/wp-json\/wp\/v2\/product_cat?post=716"},{"taxonomy":"product_tag","embeddable":true,"href":"https:\/\/refletsdarbres.fr\/index.php\/wp-json\/wp\/v2\/product_tag?post=716"}],"curies":[{"name":"wp","href":"https:\/\/api.w.org\/{rel}","templated":true}]}}