{"id":360,"date":"2024-09-23T16:34:17","date_gmt":"2024-09-23T14:34:17","guid":{"rendered":"https:\/\/refletsdarbres.fr\/?post_type=product&#038;p=360"},"modified":"2026-03-22T11:10:58","modified_gmt":"2026-03-22T10:10:58","slug":"hinnonmaki-gold","status":"publish","type":"product","link":"https:\/\/refletsdarbres.fr\/index.php\/produit\/hinnonmaki-gold\/","title":{"rendered":"Groseille \u00e0 maquereaux Hinnonmaki Red"},"content":{"rendered":"<p>Les fruits sont gros comme des grains de raisins et explosent en bouche, frais et sucr\u00e9s ! Aussi appel\u00e9es P\u00e9tassoux, Croque-poux, Gradelle ou Ballon selon les r\u00e9gions, ils se plaisent \u00e0 la mi-ombre et montent de 50 \u00e0 150 cm de haut.<\/p>\n<div class=\"product-info\">\n<p class=\"h3\"><strong>Conseil de plantation :<\/strong> Toutes ces vari\u00e9t\u00e9s sont auto-fertiles mais comme souvent avec les petits fruits la pollinisation crois\u00e9es am\u00e8ne une meilleure production. Tout comme le cassis, les groseilliers et framboisiers peuvent \u00eatre plant\u00e9s sous la ligne d&rsquo;arbres fruitiers ou non \u00e0 ombre l\u00e9g\u00e8re.<\/p>\n<\/div>\n","protected":false},"excerpt":{"rendered":"<p><em>Ribes uva-crispa &#8211; <\/em>Famille des <span class=\"value\">Grossulariac\u00e9es<\/span><\/p>\n<p>Vari\u00e9t\u00e9 \u00e0 fruits de couleur rouge fonc\u00e9. Pulpe sucr\u00e9e, avec une saveur acidul\u00e9e. R\u00e9colte en ao\u00fbt.<\/p>\n<p>Plants de 1 ou 2 ans en racines nues<\/p>\n","protected":false},"featured_media":1610,"template":"","meta":[],"product_brand":[],"product_cat":[30],"product_tag":[],"class_list":{"0":"post-360","1":"product","2":"type-product","3":"status-publish","4":"has-post-thumbnail","6":"product_cat-groseillers-a-maquereaux","8":"entry","9":"has-media","11":"first","12":"outofstock","13":"taxable","14":"shipping-taxable","15":"purchasable","16":"product-type-simple","17":"has-product-nav","18":"col","19":"span_1_of_4","20":"owp-content-center","21":"item-entry","22":"owp-thumbs-layout-horizontal","23":"owp-btn-normal","24":"owp-tabs-layout-section"},"_links":{"self":[{"href":"https:\/\/refletsdarbres.fr\/index.php\/wp-json\/wp\/v2\/product\/360","targetHints":{"allow":["GET"]}}],"collection":[{"href":"https:\/\/refletsdarbres.fr\/index.php\/wp-json\/wp\/v2\/product"}],"about":[{"href":"https:\/\/refletsdarbres.fr\/index.php\/wp-json\/wp\/v2\/types\/product"}],"wp:featuredmedia":[{"embeddable":true,"href":"https:\/\/refletsdarbres.fr\/index.php\/wp-json\/wp\/v2\/media\/1610"}],"wp:attachment":[{"href":"https:\/\/refletsdarbres.fr\/index.php\/wp-json\/wp\/v2\/media?parent=360"}],"wp:term":[{"taxonomy":"product_brand","embeddable":true,"href":"https:\/\/refletsdarbres.fr\/index.php\/wp-json\/wp\/v2\/product_brand?post=360"},{"taxonomy":"product_cat","embeddable":true,"href":"https:\/\/refletsdarbres.fr\/index.php\/wp-json\/wp\/v2\/product_cat?post=360"},{"taxonomy":"product_tag","embeddable":true,"href":"https:\/\/refletsdarbres.fr\/index.php\/wp-json\/wp\/v2\/product_tag?post=360"}],"curies":[{"name":"wp","href":"https:\/\/api.w.org\/{rel}","templated":true}]}}