{"id":1575,"date":"2025-09-30T17:35:28","date_gmt":"2025-09-30T15:35:28","guid":{"rendered":"https:\/\/refletsdarbres.fr\/?post_type=product&#038;p=1575"},"modified":"2026-03-04T13:11:27","modified_gmt":"2026-03-04T12:11:27","slug":"poirier-kirchensaller","status":"publish","type":"product","link":"https:\/\/refletsdarbres.fr\/index.php\/produit\/poirier-kirchensaller\/","title":{"rendered":"Poirier Kirchensaller"},"content":{"rendered":"<p>Donne des poiriers tr\u00e8s robustes, de grande taille, qui fructifient tardivement (4-5 ans), avec des fruits de petite taille jusqu\u2019\u00e0 leurs 10\/15 ans. Sert \u00e0 la greffe des diff\u00e9rentes vari\u00e9t\u00e9s de poirier et de nashis. Les poiriers greff\u00e9s sur franc peuvent vivre jusqu\u2019\u00e0 200 ans et s\u2019adaptent bien \u00e0 divers types de sols, y compris les sols calcaires mais ont plus de mal en sols asphyxiants (tass\u00e9s, humides, argileux).<\/p>\n<p><strong>A noter :<\/strong> ces arbres sont des portes-greffes qui ont rejet\u00e9 leur greffe 2 ann\u00e9es d&rsquo;affil\u00e9es mais ils doivent trouver leur emplacement d\u00e9finitif avant que leurs racines ne deviennent trop vieilles. Ayant \u00e9t\u00e9 recoup\u00e9s bas plusieurs fois, ils sont petits et affichent un retard de croissance mais repartiront bien une fois en place. A laisser en libre \u00e9volution ou \u00e0 re-greffer dans quelques temps.<\/p>\n","protected":false},"excerpt":{"rendered":"<p>Donne des poiriers tr\u00e8s robustes, de grande taille, qui fructifient tardivement (4-5 ans), avec des fruits de petite taille jusqu\u2019\u00e0 leurs 10\/15 ans. Sert \u00e0 la greffe des diff\u00e9rentes vari\u00e9t\u00e9s de poirier et de nashis. Les poiriers greff\u00e9s sur franc peuvent vivre jusqu\u2019\u00e0 200 ans et s\u2019adaptent bien \u00e0 divers types de sols, y compris les sols calcaires mais ont plus de mal en sols asphyxiants (tass\u00e9s, humides, argileux).<\/p>\n<p><strong>Pour ne pas avoir de surprise, bien lire la note dans la description d\u00e9taill\u00e9e !<\/strong><\/p>\n","protected":false},"featured_media":1592,"template":"","meta":[],"product_brand":[],"product_cat":[38,26,131],"product_tag":[],"class_list":{"0":"post-1575","1":"product","2":"type-product","3":"status-publish","4":"has-post-thumbnail","6":"product_cat-arbres-fruitiers","7":"product_cat-poiriers","8":"product_cat-portes-greffes","10":"entry","11":"has-media","13":"first","14":"outofstock","15":"taxable","16":"shipping-taxable","17":"purchasable","18":"product-type-simple","19":"has-product-nav","20":"col","21":"span_1_of_4","22":"owp-content-center","23":"item-entry","24":"owp-thumbs-layout-horizontal","25":"owp-btn-normal","26":"owp-tabs-layout-section","27":"has-no-thumbnails"},"_links":{"self":[{"href":"https:\/\/refletsdarbres.fr\/index.php\/wp-json\/wp\/v2\/product\/1575","targetHints":{"allow":["GET"]}}],"collection":[{"href":"https:\/\/refletsdarbres.fr\/index.php\/wp-json\/wp\/v2\/product"}],"about":[{"href":"https:\/\/refletsdarbres.fr\/index.php\/wp-json\/wp\/v2\/types\/product"}],"wp:featuredmedia":[{"embeddable":true,"href":"https:\/\/refletsdarbres.fr\/index.php\/wp-json\/wp\/v2\/media\/1592"}],"wp:attachment":[{"href":"https:\/\/refletsdarbres.fr\/index.php\/wp-json\/wp\/v2\/media?parent=1575"}],"wp:term":[{"taxonomy":"product_brand","embeddable":true,"href":"https:\/\/refletsdarbres.fr\/index.php\/wp-json\/wp\/v2\/product_brand?post=1575"},{"taxonomy":"product_cat","embeddable":true,"href":"https:\/\/refletsdarbres.fr\/index.php\/wp-json\/wp\/v2\/product_cat?post=1575"},{"taxonomy":"product_tag","embeddable":true,"href":"https:\/\/refletsdarbres.fr\/index.php\/wp-json\/wp\/v2\/product_tag?post=1575"}],"curies":[{"name":"wp","href":"https:\/\/api.w.org\/{rel}","templated":true}]}}