{"id":1574,"date":"2025-09-30T17:34:32","date_gmt":"2025-09-30T15:34:32","guid":{"rendered":"https:\/\/refletsdarbres.fr\/?post_type=product&#038;p=1574"},"modified":"2026-03-04T12:58:31","modified_gmt":"2026-03-04T11:58:31","slug":"prunier-myrobolan","status":"publish","type":"product","link":"https:\/\/refletsdarbres.fr\/index.php\/produit\/prunier-myrobolan\/","title":{"rendered":"Prunier Myrobolan"},"content":{"rendered":"<p>Fleurs blanches tr\u00e8s pr\u00e9coces (d\u00e9but mars), petites prunes jaunes ou rouges acidul\u00e9es, tr\u00e8s bonnes en confiture. Feuilles rouges, bronze ou vertes. Porte-greffe polyvalent pour les pruniers, abricotiers, amandiers, p\u00eachers. Adaptable en tous sols, plut\u00f4t drageonnant.<\/p>\n<p><strong>A noter :<\/strong> ces arbres sont des portes-greffes qui ont rejet\u00e9 leur greffe 2 ann\u00e9es d&rsquo;affil\u00e9es mais ils doivent trouver leur emplacement d\u00e9finitif avant que leurs racines ne deviennent trop vieilles. Ayant \u00e9t\u00e9 recoup\u00e9s bas plusieurs fois, ils sont petits et affichent un retard de croissance mais repartiront bien une fois en place. A laisser en libre \u00e9volution ou \u00e0 re-greffer dans quelques temps.<\/p>\n","protected":false},"excerpt":{"rendered":"<p>Fleurs blanches tr\u00e8s pr\u00e9coces (d\u00e9but mars), petites prunes jaunes ou rouges acidul\u00e9es, tr\u00e8s bonnes en confiture. Feuilles rouges, bronze ou vertes. Porte-greffe polyvalent pour les pruniers, abricotiers, amandiers, p\u00eachers. Adaptable en tous sols, plut\u00f4t drageonnant.<\/p>\n<p><strong>Pour ne pas avoir de surprise, bien lire la note dans la description d\u00e9taill\u00e9e !<\/strong><\/p>\n","protected":false},"featured_media":1623,"template":"","meta":[],"product_brand":[],"product_cat":[38,131,29],"product_tag":[],"class_list":{"0":"post-1574","1":"product","2":"type-product","3":"status-publish","4":"has-post-thumbnail","6":"product_cat-arbres-fruitiers","7":"product_cat-portes-greffes","8":"product_cat-pruniers","10":"entry","11":"has-media","13":"first","14":"outofstock","15":"taxable","16":"shipping-taxable","17":"purchasable","18":"product-type-simple","19":"has-product-nav","20":"col","21":"span_1_of_4","22":"owp-content-center","23":"item-entry","24":"owp-thumbs-layout-horizontal","25":"owp-btn-normal","26":"owp-tabs-layout-section"},"_links":{"self":[{"href":"https:\/\/refletsdarbres.fr\/index.php\/wp-json\/wp\/v2\/product\/1574","targetHints":{"allow":["GET"]}}],"collection":[{"href":"https:\/\/refletsdarbres.fr\/index.php\/wp-json\/wp\/v2\/product"}],"about":[{"href":"https:\/\/refletsdarbres.fr\/index.php\/wp-json\/wp\/v2\/types\/product"}],"wp:featuredmedia":[{"embeddable":true,"href":"https:\/\/refletsdarbres.fr\/index.php\/wp-json\/wp\/v2\/media\/1623"}],"wp:attachment":[{"href":"https:\/\/refletsdarbres.fr\/index.php\/wp-json\/wp\/v2\/media?parent=1574"}],"wp:term":[{"taxonomy":"product_brand","embeddable":true,"href":"https:\/\/refletsdarbres.fr\/index.php\/wp-json\/wp\/v2\/product_brand?post=1574"},{"taxonomy":"product_cat","embeddable":true,"href":"https:\/\/refletsdarbres.fr\/index.php\/wp-json\/wp\/v2\/product_cat?post=1574"},{"taxonomy":"product_tag","embeddable":true,"href":"https:\/\/refletsdarbres.fr\/index.php\/wp-json\/wp\/v2\/product_tag?post=1574"}],"curies":[{"name":"wp","href":"https:\/\/api.w.org\/{rel}","templated":true}]}}