{"id":1569,"date":"2025-09-30T17:25:48","date_gmt":"2025-09-30T15:25:48","guid":{"rendered":"https:\/\/refletsdarbres.fr\/?post_type=product&#038;p=1569"},"modified":"2026-03-22T11:14:52","modified_gmt":"2026-03-22T10:14:52","slug":"pecher-rubira","status":"publish","type":"product","link":"https:\/\/refletsdarbres.fr\/index.php\/produit\/pecher-rubira\/","title":{"rendered":"P\u00eacher Rubira"},"content":{"rendered":"<p>Vari\u00e9t\u00e9 de p\u00eacher utilis\u00e9e comme porte-greffe \u00e0 feuilles rouges, facilitant la d\u00e9tection des rejets. De vigueur moyenne mais produit des arbres robustes de 2,5 \u00e0 4 m\u00e8tres ayant une long\u00e9vit\u00e9 de 25 ans. Adapt\u00e9 aux sols drain\u00e9s et l\u00e9g\u00e8rement acides, id\u00e9al pour les sols drainants ou pauvres. Il est appr\u00e9ci\u00e9 pour son excellente compatibilit\u00e9 avec diverses vari\u00e9t\u00e9s d\u2019abricotiers exigeantes et sa r\u00e9sistance \u00e0 la bact\u00e9riose. Ses fruits ressemble \u00e0 de petites p\u00eaches de vigne.<\/p>\n<p><strong>A noter :<\/strong> ces arbres sont des portes-greffes qui ont rejet\u00e9 leur greffe 2 ann\u00e9es d&rsquo;affil\u00e9es mais ils doivent trouver leur emplacement d\u00e9finitif avant que leurs racines ne deviennent trop vieilles. Ayant \u00e9t\u00e9 recoup\u00e9s bas plusieurs fois, ils sont petits et affichent un retard de croissance mais repartiront bien une fois en place. A laisser en libre \u00e9volution ou \u00e0 re-greffer dans quelques temps.<\/p>\n","protected":false},"excerpt":{"rendered":"<p>Vari\u00e9t\u00e9 de p\u00eacher utilis\u00e9e comme porte-greffe \u00e0 feuilles rouges, facilitant la d\u00e9tection des rejets. De vigueur moyenne mais produit des arbres robustes de 2,5 \u00e0 4 m\u00e8tres ayant une long\u00e9vit\u00e9 de 25 ans. Adapt\u00e9 aux sols drain\u00e9s et l\u00e9g\u00e8rement acides, id\u00e9al pour les sols drainants ou pauvres.<\/p>\n<p><strong>Pour ne pas avoir de surprise, bien lire la note dans la description d\u00e9taill\u00e9e !<\/strong><\/p>\n","protected":false},"featured_media":1591,"template":"","meta":[],"product_brand":[],"product_cat":[38,24,131],"product_tag":[],"class_list":{"0":"post-1569","1":"product","2":"type-product","3":"status-publish","4":"has-post-thumbnail","6":"product_cat-arbres-fruitiers","7":"product_cat-pechers","8":"product_cat-portes-greffes","10":"entry","11":"has-media","13":"first","14":"outofstock","15":"taxable","16":"shipping-taxable","17":"purchasable","18":"product-type-simple","19":"has-product-nav","20":"col","21":"span_1_of_4","22":"owp-content-center","23":"item-entry","24":"owp-thumbs-layout-horizontal","25":"owp-btn-normal","26":"owp-tabs-layout-section","27":"has-no-thumbnails"},"_links":{"self":[{"href":"https:\/\/refletsdarbres.fr\/index.php\/wp-json\/wp\/v2\/product\/1569","targetHints":{"allow":["GET"]}}],"collection":[{"href":"https:\/\/refletsdarbres.fr\/index.php\/wp-json\/wp\/v2\/product"}],"about":[{"href":"https:\/\/refletsdarbres.fr\/index.php\/wp-json\/wp\/v2\/types\/product"}],"wp:featuredmedia":[{"embeddable":true,"href":"https:\/\/refletsdarbres.fr\/index.php\/wp-json\/wp\/v2\/media\/1591"}],"wp:attachment":[{"href":"https:\/\/refletsdarbres.fr\/index.php\/wp-json\/wp\/v2\/media?parent=1569"}],"wp:term":[{"taxonomy":"product_brand","embeddable":true,"href":"https:\/\/refletsdarbres.fr\/index.php\/wp-json\/wp\/v2\/product_brand?post=1569"},{"taxonomy":"product_cat","embeddable":true,"href":"https:\/\/refletsdarbres.fr\/index.php\/wp-json\/wp\/v2\/product_cat?post=1569"},{"taxonomy":"product_tag","embeddable":true,"href":"https:\/\/refletsdarbres.fr\/index.php\/wp-json\/wp\/v2\/product_tag?post=1569"}],"curies":[{"name":"wp","href":"https:\/\/api.w.org\/{rel}","templated":true}]}}