{"id":1563,"date":"2025-09-30T17:04:03","date_gmt":"2025-09-30T15:04:03","guid":{"rendered":"https:\/\/refletsdarbres.fr\/?post_type=product&#038;p=1563"},"modified":"2026-03-20T19:18:02","modified_gmt":"2026-03-20T18:18:02","slug":"prune-goutte-dor","status":"publish","type":"product","link":"https:\/\/refletsdarbres.fr\/index.php\/produit\/prune-goutte-dor\/","title":{"rendered":"Prune Goutte d&rsquo;or"},"content":{"rendered":"<div class=\"woocommerce-product-details__short-description\">\n<p>Le Prunier Goutte d\u2019or, \u00e9galement connu sous le nom de \u2018Goutte d\u2019Or de Coe\u2019 ou \u2018Coe\u2019s Golden Drop\u2019, est une vari\u00e9t\u00e9 ancienne originaire d\u2019Angleterre, obtenue au XIX\u1d49 si\u00e8cle. L\u2019arbre est peu vigoureux et adopte un port retombant. La floraison se situe g\u00e9n\u00e9ralement autour de la fin mars.Le Prunier Goutte d\u2019or est autost\u00e9rile, n\u00e9cessitant la pr\u00e9sence d\u2019autres vari\u00e9t\u00e9s de pruniers pour assurer une pollinisation efficace et une bonne fructification. Des vari\u00e9t\u00e9s telles que Reine-Claude de Bavay ou Prune d\u2019Ente sont recommand\u00e9es. Les prunes sont de gros calibre, pr\u00e9sentant une forme allong\u00e9e et l\u00e9g\u00e8rement aplatie. \u00c0 maturit\u00e9, la peau arbore une teinte jaune dor\u00e9, souvent parsem\u00e9e de taches rouges sous l\u2019effet du soleil. La chair est jaune miel, fine, tr\u00e8s juteuse et sucr\u00e9e, offrant une saveur d\u00e9licate rappelant l\u2019abricot. La r\u00e9colte s\u2019effectue de la mi-ao\u00fbt et \u00e0 la fin septembre. Le Prunier Goutte d\u2019or affiche une bonne r\u00e9sistance au monilia. Bonne conservation apr\u00e8s la r\u00e9colte.<\/p>\n<p>&nbsp;<\/p>\n<\/div>\n<p><a href=\"https:\/\/refletsdarbres.fr\/index.php\/periodes-de-floraison-et-de-recolte\/\" target=\"_blank\" rel=\"noopener\"><u>Pour vous mieux choisir vos vari\u00e9t\u00e9s, cliquez ici pour consulter les calendriers de floraison et de r\u00e9colte.<\/u><\/a><\/p>\n<p>&nbsp;<\/p>\n<p>Les portes-greffes de prunier :<\/p>\n<p>&#8211; <strong>Myrobolan<\/strong> : Un porte-greffe polyvalent, adapt\u00e9 \u00e0 tous les types de sols, y compris l\u2019argile humide, le sec et le calcaire. Il est vigoureux et pr\u00e9sente une croissance rapide, formant des arbres pouvant aller jusqu&rsquo;\u00e0 6 m\u00e8tres d\u2019envergure. Il n\u00e9cessite simplement une surveillance r\u00e9guli\u00e8re pour \u00e9liminer les rejets qui se d\u00e9veloppent \u00e0 la base du tronc. On le trouve \u00e0 l&rsquo;\u00e9tat sauvage dans nos for\u00eats p\u00e9rigourdines.<\/p>\n<p>&#8211; <strong>Saint-Julien<\/strong> : Aussi polyvalent que le myrobolan, adapt\u00e9 \u00e0 tous les types de sols, y compris l\u2019argile humide, le sec et le calcaire. Il est un petit peu moins vigoureux, tout en pr\u00e9sentant une croissance rapide et donc forme des arbres plus petits. Il offre l&rsquo;avantage de beaucoup moins rejeter que le myrobolan.<\/p>\n<p>Actuellement, tous les arbres passent 2 saisons \u00e0 la p\u00e9pini\u00e8re.<\/p>\n","protected":false},"excerpt":{"rendered":"<p><em>Prunus Domestica<\/em> \u2013 Familles des Rosac\u00e9es<\/p>\n<p>Vari\u00e9t\u00e9 ancienne originaire d\u2019Angleterre. Arbre peu vigoureux au port retombant. Autost\u00e9rile. Prunes de gros calibre, pr\u00e9sentant une forme allong\u00e9e et l\u00e9g\u00e8rement aplatie. \u00c0 maturit\u00e9, la peau arbore une teinte jaune dor\u00e9, souvent parsem\u00e9e de taches rouges sous l\u2019effet du soleil. La chair est jaune miel, fine, tr\u00e8s juteuse et sucr\u00e9e, offrant une saveur d\u00e9licate rappelant l\u2019abricot. R\u00e9colte de la mi-ao\u00fbt et \u00e0 la fin septembre.<\/p>\n<p>&nbsp;<\/p>\n","protected":false},"featured_media":0,"template":"","meta":[],"product_brand":[],"product_cat":[38,29],"product_tag":[],"class_list":{"0":"post-1563","1":"product","2":"type-product","3":"status-publish","5":"product_cat-arbres-fruitiers","6":"product_cat-pruniers","8":"entry","10":"first","11":"outofstock","12":"taxable","13":"shipping-taxable","14":"purchasable","15":"product-type-variable","16":"has-default-attributes","17":"has-product-nav","18":"col","19":"span_1_of_4","20":"owp-content-center","21":"item-entry","22":"owp-thumbs-layout-horizontal","23":"owp-btn-normal","24":"owp-tabs-layout-section","25":"has-no-thumbnails"},"_links":{"self":[{"href":"https:\/\/refletsdarbres.fr\/index.php\/wp-json\/wp\/v2\/product\/1563","targetHints":{"allow":["GET"]}}],"collection":[{"href":"https:\/\/refletsdarbres.fr\/index.php\/wp-json\/wp\/v2\/product"}],"about":[{"href":"https:\/\/refletsdarbres.fr\/index.php\/wp-json\/wp\/v2\/types\/product"}],"wp:attachment":[{"href":"https:\/\/refletsdarbres.fr\/index.php\/wp-json\/wp\/v2\/media?parent=1563"}],"wp:term":[{"taxonomy":"product_brand","embeddable":true,"href":"https:\/\/refletsdarbres.fr\/index.php\/wp-json\/wp\/v2\/product_brand?post=1563"},{"taxonomy":"product_cat","embeddable":true,"href":"https:\/\/refletsdarbres.fr\/index.php\/wp-json\/wp\/v2\/product_cat?post=1563"},{"taxonomy":"product_tag","embeddable":true,"href":"https:\/\/refletsdarbres.fr\/index.php\/wp-json\/wp\/v2\/product_tag?post=1563"}],"curies":[{"name":"wp","href":"https:\/\/api.w.org\/{rel}","templated":true}]}}