{"id":1551,"date":"2025-09-30T16:54:14","date_gmt":"2025-09-30T14:54:14","guid":{"rendered":"https:\/\/refletsdarbres.fr\/?post_type=product&#038;p=1551"},"modified":"2026-01-05T21:13:51","modified_gmt":"2026-01-05T20:13:51","slug":"argousier-x","status":"publish","type":"product","link":"https:\/\/refletsdarbres.fr\/index.php\/produit\/argousier-x\/","title":{"rendered":"Argousier X"},"content":{"rendered":"","protected":false},"excerpt":{"rendered":"<p><i>Hippophae rhamnoides &#8211; <\/i>Famille des Eleanac\u00e9es<i><br \/>\n<\/i><\/p>\n<p>Arbre fixateur d&rsquo;azote, id\u00e9al pour des haies d\u00e9fensives.<\/p>\n<p>Rejets de pieds-m\u00e8re, m\u00e2le Masculi et femelle Leikora. Les deux vari\u00e9t\u00e9s \u00e9tant plant\u00e9es c\u00f4te \u00e0 c\u00f4te, il n&rsquo;est pas possible de savoir de laquelle des deux sera le rejet.<\/p>\n","protected":false},"featured_media":1593,"template":"","meta":[],"product_brand":[],"product_cat":[38,40],"product_tag":[],"class_list":{"0":"post-1551","1":"product","2":"type-product","3":"status-publish","4":"has-post-thumbnail","6":"product_cat-arbres-fruitiers","7":"product_cat-autres-arbres","9":"entry","10":"has-media","12":"first","13":"outofstock","14":"taxable","15":"shipping-taxable","16":"purchasable","17":"product-type-simple","18":"has-product-nav","19":"col","20":"span_1_of_4","21":"owp-content-center","22":"item-entry","23":"owp-thumbs-layout-horizontal","24":"owp-btn-normal","25":"owp-tabs-layout-section"},"_links":{"self":[{"href":"https:\/\/refletsdarbres.fr\/index.php\/wp-json\/wp\/v2\/product\/1551","targetHints":{"allow":["GET"]}}],"collection":[{"href":"https:\/\/refletsdarbres.fr\/index.php\/wp-json\/wp\/v2\/product"}],"about":[{"href":"https:\/\/refletsdarbres.fr\/index.php\/wp-json\/wp\/v2\/types\/product"}],"wp:featuredmedia":[{"embeddable":true,"href":"https:\/\/refletsdarbres.fr\/index.php\/wp-json\/wp\/v2\/media\/1593"}],"wp:attachment":[{"href":"https:\/\/refletsdarbres.fr\/index.php\/wp-json\/wp\/v2\/media?parent=1551"}],"wp:term":[{"taxonomy":"product_brand","embeddable":true,"href":"https:\/\/refletsdarbres.fr\/index.php\/wp-json\/wp\/v2\/product_brand?post=1551"},{"taxonomy":"product_cat","embeddable":true,"href":"https:\/\/refletsdarbres.fr\/index.php\/wp-json\/wp\/v2\/product_cat?post=1551"},{"taxonomy":"product_tag","embeddable":true,"href":"https:\/\/refletsdarbres.fr\/index.php\/wp-json\/wp\/v2\/product_tag?post=1551"}],"curies":[{"name":"wp","href":"https:\/\/api.w.org\/{rel}","templated":true}]}}