{"id":1546,"date":"2025-09-30T16:34:36","date_gmt":"2025-09-30T14:34:36","guid":{"rendered":"https:\/\/refletsdarbres.fr\/?post_type=product&#038;p=1546"},"modified":"2026-03-22T11:04:29","modified_gmt":"2026-03-22T10:04:29","slug":"cerise-griotte-de-la-toussaint","status":"publish","type":"product","link":"https:\/\/refletsdarbres.fr\/index.php\/produit\/cerise-griotte-de-la-toussaint\/","title":{"rendered":"Cerise Griotte de la Toussaint"},"content":{"rendered":"<p data-start=\"263\" data-end=\"591\">Vari\u00e9t\u00e9 ancienne qui se distingue par une floraison remontante du printemps \u00e0 l\u2019\u00e9t\u00e9, donnant une production de griottes de juillet \u00e0 octobre. Griottes id\u00e9ales pour r\u00e9aliser confitures et conserves, p\u00e2tisseries, agr\u00e9menter les plats ou \u00e0 transformer en eau-de-vie. Son d\u00e9veloppement mod\u00e9r\u00e9 et sa fructification prolong\u00e9e sont des atouts pour les petits jardins et les haies fruiti\u00e8res. Vari\u00e9t\u00e9 autofertile.<\/p>\n<p data-start=\"263\" data-end=\"591\"><a href=\"https:\/\/refletsdarbres.fr\/index.php\/periodes-de-floraison-et-de-recolte\/\" target=\"_blank\" rel=\"noopener\"><u>Pour vous mieux choisir vos vari\u00e9t\u00e9s, cliquez ici pour consulter les calendriers de floraison et de r\u00e9colte.<\/u><\/a><\/p>\n<p>Les portes-greffes de cerisier, sont \u00e9galement des esp\u00e8ces de cerises sauvages que l&rsquo;on trouve dans nos for\u00eats p\u00e9rigourdines :<\/p>\n<p>&#8211; <strong>Sainte-Lucie<\/strong> : un porte-greffe id\u00e9al pour les sols secs, pierreux et calcaires. Il engendre des cerisiers plus petits, ce qui facilite la cueillette, avec une mise \u00e0 fruits plus rapide, mais une dur\u00e9e de vie plus courte. Il est sensible aux sols d\u00e9tremp\u00e9s et asphyxiants.<\/p>\n<p>&#8211; <strong>Merisier<\/strong> : un porte-greffe extr\u00eamement robuste, produisant des cerisiers de grande taille, tr\u00e8s productifs et durables, mais avec une mise \u00e0 fruits tardive (4-5 ans). Il prosp\u00e8re dans des sols sableux\/argileux, profonds et perm\u00e9ables, mais \u00e9vite les sols excessivement asphyxiants, calcaires et les zones tr\u00e8s s\u00e8ches.<\/p>\n<p>Actuellement, tous les arbres passent 2 saisons \u00e0 la p\u00e9pini\u00e8re.<\/p>\n","protected":false},"excerpt":{"rendered":"<p><em>Prunus Cerasus<\/em> \u2013 Familles des Rosac\u00e9es<\/p>\n<p>Vari\u00e9t\u00e9 ancienne qui se distingue par une floraison remontante du printemps \u00e0 l\u2019\u00e9t\u00e9, donnant une production de griottes de juillet \u00e0 octobre. Griottes id\u00e9ales pour r\u00e9aliser confitures et conserves, p\u00e2tisseries, agr\u00e9menter les plats ou \u00e0 transformer en eau-de-vie. Son d\u00e9veloppement mod\u00e9r\u00e9 et sa fructification prolong\u00e9e sont des atouts pour les petits jardins et les haies fruiti\u00e8res. Vari\u00e9t\u00e9 autofertile.<\/p>\n","protected":false},"featured_media":0,"template":"","meta":[],"product_brand":[],"product_cat":[38,23],"product_tag":[],"class_list":{"0":"post-1546","1":"product","2":"type-product","3":"status-publish","5":"product_cat-arbres-fruitiers","6":"product_cat-cerisiers","8":"entry","10":"first","11":"outofstock","12":"taxable","13":"shipping-taxable","14":"purchasable","15":"product-type-variable","16":"has-default-attributes","17":"has-product-nav","18":"col","19":"span_1_of_4","20":"owp-content-center","21":"item-entry","22":"owp-thumbs-layout-horizontal","23":"owp-btn-normal","24":"owp-tabs-layout-section","25":"has-no-thumbnails"},"_links":{"self":[{"href":"https:\/\/refletsdarbres.fr\/index.php\/wp-json\/wp\/v2\/product\/1546","targetHints":{"allow":["GET"]}}],"collection":[{"href":"https:\/\/refletsdarbres.fr\/index.php\/wp-json\/wp\/v2\/product"}],"about":[{"href":"https:\/\/refletsdarbres.fr\/index.php\/wp-json\/wp\/v2\/types\/product"}],"wp:attachment":[{"href":"https:\/\/refletsdarbres.fr\/index.php\/wp-json\/wp\/v2\/media?parent=1546"}],"wp:term":[{"taxonomy":"product_brand","embeddable":true,"href":"https:\/\/refletsdarbres.fr\/index.php\/wp-json\/wp\/v2\/product_brand?post=1546"},{"taxonomy":"product_cat","embeddable":true,"href":"https:\/\/refletsdarbres.fr\/index.php\/wp-json\/wp\/v2\/product_cat?post=1546"},{"taxonomy":"product_tag","embeddable":true,"href":"https:\/\/refletsdarbres.fr\/index.php\/wp-json\/wp\/v2\/product_tag?post=1546"}],"curies":[{"name":"wp","href":"https:\/\/api.w.org\/{rel}","templated":true}]}}