{"id":1467,"date":"2025-09-29T09:14:34","date_gmt":"2025-09-29T07:14:34","guid":{"rendered":"https:\/\/refletsdarbres.fr\/?post_type=product&#038;p=1467"},"modified":"2026-03-22T11:09:50","modified_gmt":"2026-03-22T10:09:50","slug":"groseille-fertodi","status":"publish","type":"product","link":"https:\/\/refletsdarbres.fr\/index.php\/produit\/groseille-fertodi\/","title":{"rendered":"Groseille Fertodi"},"content":{"rendered":"<p>Leurs couleurs attirent l\u2019\u0153il et leur saveur ravie les papilles. Roses, rouges ou blanches les groseilles, avec leurs notes sucr\u00e9es et acidul\u00e9es, sont un r\u00e9gal pour petits et grands. Patience toutefois ! Pour profiter d&rsquo;une saveur optimale, il faut attendre 15 jours apr\u00e8s qu&rsquo;elles aient pris leurs jolies couleurs avant de les r\u00e9colter.<\/p>\n<div class=\"product-info\">\n<p class=\"h3\"><strong>Conseil de plantation :<\/strong> Toutes ces vari\u00e9t\u00e9s sont auto-fertiles mais comme souvent avec les petits fruits la pollinisation crois\u00e9es am\u00e8ne une meilleure production. Elles pr\u00e9f\u00e8rent l&rsquo;ombre l&rsquo;apr\u00e8s-midi. Tout comme le cassis, les groseilliers et framboisiers peuvent \u00eatre plant\u00e9s sous la ligne d&rsquo;arbres fruitiers ou non \u00e0 ombre l\u00e9g\u00e8re.<\/p>\n<\/div>\n","protected":false},"excerpt":{"rendered":"<p><em>Ribes rubrum &#8211; <\/em>Famille des <span class=\"value\">Grossulariac\u00e9es<\/span><\/p>\n<p>Vari\u00e9t\u00e9 hongroise de mi-saison. Fruits sont rouges vifs \u00e0 fonc\u00e9, de taille moyenne, port\u00e9s par une grappe tr\u00e8s longue. Saveur acidul\u00e9e et parfum\u00e9e. R\u00e9colte en ao\u00fbt.<\/p>\n<p>Plants de 2 ans en racines nues<\/p>\n<p><em>Note sur les formats : les petits sont des plants qui dans les m\u00eames conditions ont d\u00e9marr\u00e9s moins vite que les autres<\/em><\/p>\n","protected":false},"featured_media":1603,"template":"","meta":[],"product_brand":[],"product_cat":[28],"product_tag":[],"class_list":{"0":"post-1467","1":"product","2":"type-product","3":"status-publish","4":"has-post-thumbnail","6":"product_cat-groseillers","8":"entry","9":"has-media","11":"first","12":"outofstock","13":"taxable","14":"shipping-taxable","15":"purchasable","16":"product-type-variable","17":"has-product-nav","18":"col","19":"span_1_of_4","20":"owp-content-center","21":"item-entry","22":"owp-thumbs-layout-horizontal","23":"owp-btn-normal","24":"owp-tabs-layout-section","25":"has-no-thumbnails"},"_links":{"self":[{"href":"https:\/\/refletsdarbres.fr\/index.php\/wp-json\/wp\/v2\/product\/1467","targetHints":{"allow":["GET"]}}],"collection":[{"href":"https:\/\/refletsdarbres.fr\/index.php\/wp-json\/wp\/v2\/product"}],"about":[{"href":"https:\/\/refletsdarbres.fr\/index.php\/wp-json\/wp\/v2\/types\/product"}],"wp:featuredmedia":[{"embeddable":true,"href":"https:\/\/refletsdarbres.fr\/index.php\/wp-json\/wp\/v2\/media\/1603"}],"wp:attachment":[{"href":"https:\/\/refletsdarbres.fr\/index.php\/wp-json\/wp\/v2\/media?parent=1467"}],"wp:term":[{"taxonomy":"product_brand","embeddable":true,"href":"https:\/\/refletsdarbres.fr\/index.php\/wp-json\/wp\/v2\/product_brand?post=1467"},{"taxonomy":"product_cat","embeddable":true,"href":"https:\/\/refletsdarbres.fr\/index.php\/wp-json\/wp\/v2\/product_cat?post=1467"},{"taxonomy":"product_tag","embeddable":true,"href":"https:\/\/refletsdarbres.fr\/index.php\/wp-json\/wp\/v2\/product_tag?post=1467"}],"curies":[{"name":"wp","href":"https:\/\/api.w.org\/{rel}","templated":true}]}}