{"id":1451,"date":"2025-09-29T08:50:19","date_gmt":"2025-09-29T06:50:19","guid":{"rendered":"https:\/\/refletsdarbres.fr\/?post_type=product&#038;p=1451"},"modified":"2025-09-30T18:57:30","modified_gmt":"2025-09-30T16:57:30","slug":"sureau-thundercloud","status":"publish","type":"product","link":"https:\/\/refletsdarbres.fr\/index.php\/produit\/sureau-thundercloud\/","title":{"rendered":"Sureau Thundercloud"},"content":{"rendered":"<p>Utilisable en arbre solitaire, en arbuste ou en buisson, le sureau est un passe partout rustique (r\u00e9siste \u00e0 -20\u00b0C) ador\u00e9 des insectes et des oiseaux. Les vari\u00e9t\u00e9s s\u00e9lectionn\u00e9es sont plus petites que les vari\u00e9t\u00e9s sauvages (4m contre 10m).<\/p>\n<p><strong>Conseils de plantation<\/strong> : le sureau s&rsquo;adapte \u00e0 tous types de sols et tol\u00e8rent le calcaire. Son bois creux rend les jeunes rameaux fragiles au vent. Il tol\u00e8re bien la s\u00e9cheresse.<\/p>\n<p>&nbsp;<\/p>\n","protected":false},"excerpt":{"rendered":"<p><em>Sambucus Nigra<\/em> &#8211; Famille des <span class=\"value\">Caprifoliac\u00e9es<\/span><\/p>\n<p>Vari\u00e9t\u00e9 dont le feuillage finement d\u00e9coup\u00e9 est d\u2019une couleur rouge pourpre virant sur le noir. Ses fleurs tr\u00e8s parfum\u00e9es font une bonne limonade \u00e0 la fin juin, tandis que ses fruits, \u00e0 consomm\u00e9s cuits, sont excellents en jus et confitures si vous arrivez \u00e0 les cueillir avant les oiseaux !<\/p>\n<p>Plants de 2 ans en racines nues<\/p>\n","protected":false},"featured_media":1452,"template":"","meta":[],"product_brand":[],"product_cat":[38,31],"product_tag":[],"class_list":{"0":"post-1451","1":"product","2":"type-product","3":"status-publish","4":"has-post-thumbnail","6":"product_cat-arbres-fruitiers","7":"product_cat-sureaux","9":"entry","10":"has-media","12":"first","13":"outofstock","14":"taxable","15":"shipping-taxable","16":"purchasable","17":"product-type-simple","18":"has-product-nav","19":"col","20":"span_1_of_4","21":"owp-content-center","22":"item-entry","23":"owp-thumbs-layout-horizontal","24":"owp-btn-normal","25":"owp-tabs-layout-section","26":"has-no-thumbnails"},"_links":{"self":[{"href":"https:\/\/refletsdarbres.fr\/index.php\/wp-json\/wp\/v2\/product\/1451","targetHints":{"allow":["GET"]}}],"collection":[{"href":"https:\/\/refletsdarbres.fr\/index.php\/wp-json\/wp\/v2\/product"}],"about":[{"href":"https:\/\/refletsdarbres.fr\/index.php\/wp-json\/wp\/v2\/types\/product"}],"wp:featuredmedia":[{"embeddable":true,"href":"https:\/\/refletsdarbres.fr\/index.php\/wp-json\/wp\/v2\/media\/1452"}],"wp:attachment":[{"href":"https:\/\/refletsdarbres.fr\/index.php\/wp-json\/wp\/v2\/media?parent=1451"}],"wp:term":[{"taxonomy":"product_brand","embeddable":true,"href":"https:\/\/refletsdarbres.fr\/index.php\/wp-json\/wp\/v2\/product_brand?post=1451"},{"taxonomy":"product_cat","embeddable":true,"href":"https:\/\/refletsdarbres.fr\/index.php\/wp-json\/wp\/v2\/product_cat?post=1451"},{"taxonomy":"product_tag","embeddable":true,"href":"https:\/\/refletsdarbres.fr\/index.php\/wp-json\/wp\/v2\/product_tag?post=1451"}],"curies":[{"name":"wp","href":"https:\/\/api.w.org\/{rel}","templated":true}]}}