{"id":1287,"date":"2025-09-24T08:52:28","date_gmt":"2025-09-24T06:52:28","guid":{"rendered":"https:\/\/refletsdarbres.fr\/?post_type=product&#038;p=1287"},"modified":"2026-03-22T11:18:08","modified_gmt":"2026-03-22T10:18:08","slug":"pomme-api-double-rose-api-rouge","status":"publish","type":"product","link":"https:\/\/refletsdarbres.fr\/index.php\/produit\/pomme-api-double-rose-api-rouge\/","title":{"rendered":"Pomme Api double rose \/ Api rouge"},"content":{"rendered":"<div class=\"woocommerce-product-details__short-description\">\n<div class=\"elementor-element elementor-element-49c93cf elementor-widget elementor-widget-wl-single-product-short-description\" data-id=\"49c93cf\" data-element_type=\"widget\" data-widget_type=\"wl-single-product-short-description.default\">\n<div class=\"elementor-widget-container\">\n<div class=\"woocommerce-product-details__short-description\">\n<p>Api Double Rose, \u00e9galement appel\u00e9 Api Rouge, est une vari\u00e9t\u00e9 ancienne originaire du Lot-et-Garonne. Cette ancienne fran\u00e7aise combine harmonieusement qualit\u00e9s gustatives et facilit\u00e9 de culture, en faisant un choix privil\u00e9gi\u00e9 pour les jardiniers d\u00e9butants comme exp\u00e9riment\u00e9s. Elle d\u00e9montre une r\u00e9sistance remarquable aux maladies courantes du pommier et aux parasites. La peau est rouge violac\u00e9, initialement mat gr\u00e2ce \u00e0 une pruine blanche naturelle qui, une fois essuy\u00e9e, r\u00e9v\u00e8le un brillant exceptionnel. La chair tr\u00e8s blanche offre une texture ferme et croquante, sucr\u00e9e et juteuse. L\u2019arbre se caract\u00e9rise par sa faible vigueur et son port semi-\u00e9rig\u00e9, formant un d\u00e9veloppement compact id\u00e9al pour les petits espaces. Cette vari\u00e9t\u00e9 produit principalement sur bois \u00e2g\u00e9, n\u00e9cessitant une taille douce et respectueuse. R\u00e9colt\u00e9es fin octobre, les pommes sont polyvalentes en cuisine et atteignent leur maturit\u00e9 optimale entre novembre et f\u00e9vrier, permettant de d\u00e9guster des fruits frais tout l\u2019hiver. Pour optimiser la pollinisation, on peut l&rsquo;associer avec la Reinette Clochard ou la Belle de Boskoop, dont les p\u00e9riodes de floraison sont compatibles.<\/p>\n<\/div>\n<\/div>\n<\/div>\n<\/div>\n<div><\/div>\n<div class=\"woocommerce-product-details__short-description\">\n<p><a href=\"https:\/\/refletsdarbres.fr\/index.php\/periodes-de-floraison-et-de-recolte\/\" target=\"_blank\" rel=\"noopener\"><u>Pour vous mieux choisir vos vari\u00e9t\u00e9s, cliquez ici pour consulter les calendriers de floraison et de r\u00e9colte.<\/u><\/a><\/p>\n<p>&nbsp;<\/p>\n<\/div>\n<p>Le porte-greffe du pommier class\u00e9s par taille et vigueur d\u00e9croissantes :<\/p>\n<p>&#8211; <strong>Franc Bittenfelder<\/strong> : issu du semis de p\u00e9pins s\u00e9lectionn\u00e9s, il donne des arbres vigoureux, grands et tr\u00e8s long\u00e9vifs, avec des racines bien ancr\u00e9es et donc adaptables \u00e0 de nombreux types de sols. La mise \u00e0 fruits est plus tardive (5-6 ans) mais tr\u00e8s abondante quand l\u2019arbre est \u00e2g\u00e9. Un porte-greffe tr\u00e8s \u00ab d\u00e9brouillard \u00bb, adapt\u00e9 pour des vergers en haute-tige, de beaux pommiers en sujet isol\u00e9, des r\u00e9coltes \u00e0 l\u2019\u00e9chelle ou au sol (pour le jus et les transformations).<\/p>\n<p>&#8211; <strong>M7*<\/strong> : donne des pommiers de taille moyenne (3 \u00e0 5m), avec des arbres bien enracin\u00e9s et r\u00e9sistants. Le calibre des fruits reste attrayant m\u00eame en saison s\u00e8che, mais il a tendance \u00e0 drageonner. Il commence \u00e0 fructifier en 3-4 ans et est r\u00e9sistant \u00e0 la s\u00e9cheresse. Il pr\u00e9sente une alternance marqu\u00e9e, produisant des fruits une ann\u00e9e sur deux.<\/p>\n<p>&#8211; <strong>M116*<\/strong> : \u00c9quivalent en vigueur et production au M7, il tol\u00e8re mieux les sols gorg\u00e9s d\u2019eau et r\u00e9siste excellemment au phytophtora.<\/p>\n<p>&#8211; <strong>M9<\/strong> : donne des pommiers peu vigoureux, bien adapt\u00e9s pour des vergers professionnels, des associations verger\/potager ou des petits jardins. Il demande taille, palissage et irrigation ; en contrepartie il produit tr\u00e8s vite (3 ans) et abondamment des fruits de beau calibre, faciles \u00e0 r\u00e9colter car il ne monte pas trop haut.<\/p>\n<p>*A partir de la production 2025 (donc pommiers vendus fin 2026), seul le M116 sera disponible, plus polyvalent en terme de sol que le M7.<\/p>\n<p>Actuellement, tous les arbres passent 2 saisons \u00e0 la p\u00e9pini\u00e8re.<\/p>\n","protected":false},"excerpt":{"rendered":"<p><em>Malus communis<\/em> \u2013 Familles des Rosac\u00e9es<\/p>\n<p>\u00c9galement appel\u00e9 Api Rouge, vari\u00e9t\u00e9 ancienne du Lot-et-Garonne. R\u00e9sistance remarquable aux maladies courantes du pommier et aux parasites. Peau est rouge violac\u00e9, chair tr\u00e8s blanche \u00e0 texture ferme et croquante, sucr\u00e9e et juteuse. R\u00e9colte fin octobre, pommes polyvalentes en cuisine, conservation jusqu&rsquo;\u00e0 f\u00e9vrier.<\/p>\n<p>&nbsp;<\/p>\n","protected":false},"featured_media":0,"template":"","meta":[],"product_brand":[],"product_cat":[38,25],"product_tag":[],"class_list":{"0":"post-1287","1":"product","2":"type-product","3":"status-publish","5":"product_cat-arbres-fruitiers","6":"product_cat-pommiers","8":"entry","10":"first","11":"outofstock","12":"taxable","13":"shipping-taxable","14":"purchasable","15":"product-type-variable","16":"has-default-attributes","17":"has-product-nav","18":"col","19":"span_1_of_4","20":"owp-content-center","21":"item-entry","22":"owp-thumbs-layout-horizontal","23":"owp-btn-normal","24":"owp-tabs-layout-section","25":"has-no-thumbnails"},"_links":{"self":[{"href":"https:\/\/refletsdarbres.fr\/index.php\/wp-json\/wp\/v2\/product\/1287","targetHints":{"allow":["GET"]}}],"collection":[{"href":"https:\/\/refletsdarbres.fr\/index.php\/wp-json\/wp\/v2\/product"}],"about":[{"href":"https:\/\/refletsdarbres.fr\/index.php\/wp-json\/wp\/v2\/types\/product"}],"wp:attachment":[{"href":"https:\/\/refletsdarbres.fr\/index.php\/wp-json\/wp\/v2\/media?parent=1287"}],"wp:term":[{"taxonomy":"product_brand","embeddable":true,"href":"https:\/\/refletsdarbres.fr\/index.php\/wp-json\/wp\/v2\/product_brand?post=1287"},{"taxonomy":"product_cat","embeddable":true,"href":"https:\/\/refletsdarbres.fr\/index.php\/wp-json\/wp\/v2\/product_cat?post=1287"},{"taxonomy":"product_tag","embeddable":true,"href":"https:\/\/refletsdarbres.fr\/index.php\/wp-json\/wp\/v2\/product_tag?post=1287"}],"curies":[{"name":"wp","href":"https:\/\/api.w.org\/{rel}","templated":true}]}}