{"id":1265,"date":"2025-09-19T09:57:37","date_gmt":"2025-09-19T07:57:37","guid":{"rendered":"https:\/\/refletsdarbres.fr\/?post_type=product&#038;p=1265"},"modified":"2025-09-30T18:57:21","modified_gmt":"2025-09-30T16:57:21","slug":"nashi-kimizuka-wase","status":"publish","type":"product","link":"https:\/\/refletsdarbres.fr\/index.php\/produit\/nashi-kimizuka-wase\/","title":{"rendered":"Nashi Kimizuka Wase"},"content":{"rendered":"<div class=\"woocommerce-product-details__short-description\">\n<div class=\"elementor-element elementor-element-49c93cf elementor-widget elementor-widget-wl-single-product-short-description\" data-id=\"49c93cf\" data-element_type=\"widget\" data-widget_type=\"wl-single-product-short-description.default\">\n<div class=\"elementor-widget-container\">\n<div class=\"woocommerce-product-details__short-description\">Le Nashi Kimizuka Wase est rustique jusqu\u2019\u00e0 -15 \u00b0C, ce petit poirier produit des fruits de couleur bronze, assez plats, croquants-juteux et parfum\u00e9s (ar\u00f4mes musqu\u00e9s de poire). \u00c0 croquer, parfait aussi en compotes, confitures, p\u00e2tisseries ou accompagn\u00e9 de plats sal\u00e9s pour une touche exotique. La floraison est abondante et se produit en avril. Le fruit est plus pr\u00e9coce que les autres vari\u00e9t\u00e9s : d\u00e9but ao\u00fbt, \u00e0 ramasser bien m\u00fbr (pas de maturation une fois cueilli). Se conserve quelques semaines au frais, gardant sa texture croquante. Cette vari\u00e9t\u00e9 est auto-st\u00e9rile, sa pollinisation avec nos poiriers locaux semble bien fonctionner.<\/div>\n<\/div>\n<\/div>\n<\/div>\n<div><\/div>\n<div class=\"woocommerce-product-details__short-description\">\n<p><a href=\"https:\/\/refletsdarbres.fr\/index.php\/periodes-de-floraison-et-de-recolte\/\" target=\"_blank\" rel=\"noopener\"><u>Pour vous mieux choisir vos vari\u00e9t\u00e9s, cliquez ici pour consulter les calendriers de floraison et de r\u00e9colte.<\/u><\/a><\/p>\n<p>&nbsp;<\/p>\n<\/div>\n<p>Le porte-greffe du nashi :<\/p>\n<p>&#8211; <strong>Franc Kirchensaller<\/strong> : Donne des arbres tr\u00e8s robustes, de grande taille, qui fructifient tardivement (4-5 ans), avec des fruits de petite taille les premi\u00e8res ann\u00e9es*. Je n&rsquo;ai pas de retour de dur\u00e9e de vie avec le nashi mais les poiriers greff\u00e9s sur franc peuvent vivre jusqu\u2019\u00e0 200 ans. Ce porte-greffe s\u2019adapte bien \u00e0 divers types de sols, y compris les sols calcaires mais ont plus de mal en sols asphyxiants (tass\u00e9s, humides, argileux).<\/p>\n<p>* Caract\u00e9ristiques classiques avec une greffe de poirier : il semblerait, d&rsquo;apr\u00e8s l&rsquo;arbre pr\u00e9sent \u00e0 la p\u00e9pini\u00e8re, que la fructification d\u00e9marre plus t\u00f4t (3 ans) et l&rsquo;arbre pousse moins haut avec une greffe de nashi. Les fruits restent bien petits au d\u00e9but.<\/p>\n<p>Actuellement, tous les arbres passent 2 saisons \u00e0 la p\u00e9pini\u00e8re.<\/p>\n","protected":false},"excerpt":{"rendered":"<p><em>Pyrus pyrifolia<\/em> \u2013 Familles des Rosac\u00e9es<\/p>\n<p>Rustique jusqu\u2019\u00e0 -15 \u00b0C, fruits de couleur bronze, assez plats, croquants-juteux et parfum\u00e9s (ar\u00f4mes musqu\u00e9s de poire). Fruit plus pr\u00e9coce que les autres vari\u00e9t\u00e9s : d\u00e9but ao\u00fbt, \u00e0 ramasser bien m\u00fbr. Vari\u00e9t\u00e9 auto-st\u00e9rile.<\/p>\n<p>&nbsp;<\/p>\n","protected":false},"featured_media":0,"template":"","meta":[],"product_brand":[],"product_cat":[38,33],"product_tag":[],"class_list":{"0":"post-1265","1":"product","2":"type-product","3":"status-publish","5":"product_cat-arbres-fruitiers","6":"product_cat-nashis","8":"entry","10":"first","11":"outofstock","12":"taxable","13":"shipping-taxable","14":"purchasable","15":"product-type-variable","16":"has-default-attributes","17":"has-product-nav","18":"col","19":"span_1_of_4","20":"owp-content-center","21":"item-entry","22":"owp-thumbs-layout-horizontal","23":"owp-btn-normal","24":"owp-tabs-layout-section","25":"has-no-thumbnails"},"_links":{"self":[{"href":"https:\/\/refletsdarbres.fr\/index.php\/wp-json\/wp\/v2\/product\/1265","targetHints":{"allow":["GET"]}}],"collection":[{"href":"https:\/\/refletsdarbres.fr\/index.php\/wp-json\/wp\/v2\/product"}],"about":[{"href":"https:\/\/refletsdarbres.fr\/index.php\/wp-json\/wp\/v2\/types\/product"}],"wp:attachment":[{"href":"https:\/\/refletsdarbres.fr\/index.php\/wp-json\/wp\/v2\/media?parent=1265"}],"wp:term":[{"taxonomy":"product_brand","embeddable":true,"href":"https:\/\/refletsdarbres.fr\/index.php\/wp-json\/wp\/v2\/product_brand?post=1265"},{"taxonomy":"product_cat","embeddable":true,"href":"https:\/\/refletsdarbres.fr\/index.php\/wp-json\/wp\/v2\/product_cat?post=1265"},{"taxonomy":"product_tag","embeddable":true,"href":"https:\/\/refletsdarbres.fr\/index.php\/wp-json\/wp\/v2\/product_tag?post=1265"}],"curies":[{"name":"wp","href":"https:\/\/api.w.org\/{rel}","templated":true}]}}