{"id":1252,"date":"2025-09-19T09:01:53","date_gmt":"2025-09-19T07:01:53","guid":{"rendered":"https:\/\/refletsdarbres.fr\/?post_type=product&#038;p=1252"},"modified":"2025-11-26T18:12:30","modified_gmt":"2025-11-26T17:12:30","slug":"nashi-kosui","status":"publish","type":"product","link":"https:\/\/refletsdarbres.fr\/index.php\/produit\/nashi-kosui\/","title":{"rendered":"Nashi Kosui"},"content":{"rendered":"<div class=\"woocommerce-product-details__short-description\">\n<div class=\"elementor-element elementor-element-49c93cf elementor-widget elementor-widget-wl-single-product-short-description\" data-id=\"49c93cf\" data-element_type=\"widget\" data-widget_type=\"wl-single-product-short-description.default\">\n<div class=\"elementor-widget-container\">\n<div class=\"woocommerce-product-details__short-description\">Le Nashi Kosui est la vari\u00e9t\u00e9 de pomme-poire la plus populaire au Japon. Rustique jusqu\u2019\u00e0 -15 \u00b0C, ce petit poirier produit des fruits moyens, ronds comme une pomme, \u00e0 peau bronze dor\u00e9 l\u00e9g\u00e8rement rugueuse et marqu\u00e9e de points blancs qui devient brun\u00e2tre \u00e0 maturit\u00e9. Sa chair blanche, fine, croquante et tr\u00e8s juteuse, offre un go\u00fbt sucr\u00e9 et frais, m\u00ealant la douceur de la poire \u00e0 la fra\u00eecheur de la pomme. \u00c0 croquer, nature, le Nashi Kosui est d\u00e9salt\u00e9rant. Parfait aussi en compotes, confitures, p\u00e2tisseries ou accompagn\u00e9 de plats sal\u00e9s pour une touche exotique. La floraison est abondante et se produit en mars. Le fruit se r\u00e9colte fin ao\u00fbt \u2013 d\u00e9but septembre, bien m\u00fbr (pas de maturation une fois cueilli). Se conserve quelques semaines au frais, gardant sa texture croquante. Cette vari\u00e9t\u00e9 est auto-st\u00e9rile, sa pollinisation avec nos poiriers locaux semble bien fonctionner : on peut voir des fruits \u00e0 la p\u00e9pini\u00e8re alors qu&rsquo;un seul nashi est pr\u00e9sent.<\/div>\n<\/div>\n<\/div>\n<\/div>\n<div><\/div>\n<div class=\"woocommerce-product-details__short-description\">\n<p><a href=\"https:\/\/refletsdarbres.fr\/index.php\/periodes-de-floraison-et-de-recolte\/\" target=\"_blank\" rel=\"noopener\"><u>Pour vous mieux choisir vos vari\u00e9t\u00e9s, cliquez ici pour consulter les calendriers de floraison et de r\u00e9colte.<\/u><\/a><\/p>\n<p>&nbsp;<\/p>\n<\/div>\n<p>Le porte-greffe du nashi :<\/p>\n<p>&#8211; <strong>Franc Kirchensaller<\/strong> : Donne des arbres tr\u00e8s robustes, de grande taille, qui fructifient tardivement (4-5 ans), avec des fruits de petite taille les premi\u00e8res ann\u00e9es*. Je n&rsquo;ai pas de retour de dur\u00e9e de vie avec le nashi mais les poiriers greff\u00e9s sur franc peuvent vivre jusqu\u2019\u00e0 200 ans. Ce porte-greffe s\u2019adapte bien \u00e0 divers types de sols, y compris les sols calcaires mais ont plus de mal en sols asphyxiants (tass\u00e9s, humides, argileux).<\/p>\n<p>* Caract\u00e9ristiques classiques avec une greffe de poirier : il semblerait, d&rsquo;apr\u00e8s l&rsquo;arbre pr\u00e9sent \u00e0 la p\u00e9pini\u00e8re, que la fructification d\u00e9marre plus t\u00f4t (3 ans) et l&rsquo;arbre pousse moins haut avec une greffe de nashi. Les fruits restent bien petits au d\u00e9but.<\/p>\n<p>Actuellement, tous les arbres passent 2 saisons \u00e0 la p\u00e9pini\u00e8re.<\/p>\n","protected":false},"excerpt":{"rendered":"<p><em>Pyrus pyrifolia<\/em> \u2013 Familles des Rosac\u00e9es<\/p>\n<p>Vari\u00e9t\u00e9 de pomme-poire la plus populaire au Japon. Rustique jusqu\u2019\u00e0 -15 \u00b0C. Fruits moyens, ronds comme une pomme, \u00e0 peau bronze dor\u00e9 l\u00e9g\u00e8rement rugueuse et marqu\u00e9e de points blancs qui devient brun\u00e2tre \u00e0 maturit\u00e9. Chair blanche, fine, croquante et tr\u00e8s juteuse, offrant un go\u00fbt sucr\u00e9 et frais. R\u00e9colte fin ao\u00fbt \u2013 d\u00e9but septembre, bien m\u00fbr. Vari\u00e9t\u00e9 auto-st\u00e9rile, sa pollinisation avec nos poiriers locaux semble bien fonctionner.<\/p>\n<p>&nbsp;<\/p>\n","protected":false},"featured_media":1257,"template":"","meta":[],"product_brand":[],"product_cat":[38,33],"product_tag":[],"class_list":{"0":"post-1252","1":"product","2":"type-product","3":"status-publish","4":"has-post-thumbnail","6":"product_cat-arbres-fruitiers","7":"product_cat-nashis","9":"entry","10":"has-media","12":"first","13":"outofstock","14":"taxable","15":"shipping-taxable","16":"purchasable","17":"product-type-variable","18":"has-default-attributes","19":"has-product-nav","20":"col","21":"span_1_of_4","22":"owp-content-center","23":"item-entry","24":"owp-thumbs-layout-horizontal","25":"owp-btn-normal","26":"owp-tabs-layout-section"},"_links":{"self":[{"href":"https:\/\/refletsdarbres.fr\/index.php\/wp-json\/wp\/v2\/product\/1252","targetHints":{"allow":["GET"]}}],"collection":[{"href":"https:\/\/refletsdarbres.fr\/index.php\/wp-json\/wp\/v2\/product"}],"about":[{"href":"https:\/\/refletsdarbres.fr\/index.php\/wp-json\/wp\/v2\/types\/product"}],"wp:featuredmedia":[{"embeddable":true,"href":"https:\/\/refletsdarbres.fr\/index.php\/wp-json\/wp\/v2\/media\/1257"}],"wp:attachment":[{"href":"https:\/\/refletsdarbres.fr\/index.php\/wp-json\/wp\/v2\/media?parent=1252"}],"wp:term":[{"taxonomy":"product_brand","embeddable":true,"href":"https:\/\/refletsdarbres.fr\/index.php\/wp-json\/wp\/v2\/product_brand?post=1252"},{"taxonomy":"product_cat","embeddable":true,"href":"https:\/\/refletsdarbres.fr\/index.php\/wp-json\/wp\/v2\/product_cat?post=1252"},{"taxonomy":"product_tag","embeddable":true,"href":"https:\/\/refletsdarbres.fr\/index.php\/wp-json\/wp\/v2\/product_tag?post=1252"}],"curies":[{"name":"wp","href":"https:\/\/api.w.org\/{rel}","templated":true}]}}