{"id":1217,"date":"2025-09-16T14:53:03","date_gmt":"2025-09-16T12:53:03","guid":{"rendered":"https:\/\/refletsdarbres.fr\/?post_type=product&#038;p=1217"},"modified":"2025-09-30T18:57:20","modified_gmt":"2025-09-30T16:57:20","slug":"coing-portugal","status":"publish","type":"product","link":"https:\/\/refletsdarbres.fr\/index.php\/produit\/coing-portugal\/","title":{"rendered":"Coing Portugal"},"content":{"rendered":"<div class=\"woocommerce-product-details__short-description\">\n<div class=\"elementor-element elementor-element-49c93cf elementor-widget elementor-widget-wl-single-product-short-description\" data-id=\"49c93cf\" data-element_type=\"widget\" data-widget_type=\"wl-single-product-short-description.default\">\n<div class=\"elementor-widget-container\">\n<div class=\"woocommerce-product-details__short-description\">Le cognassier du Portugal est un arbre fruitier ancien, robuste et productif, parfait pour tous les types de vergers. Tr\u00e8s appr\u00e9ci\u00e9 pour ses gros coings parfum\u00e9s, il s\u2019adapte bien aux climats temp\u00e9r\u00e9s. Le fruit est assez gros, ovale, jaune d&rsquo;or \u00e0 chair tr\u00e8s parfum\u00e9. Il se consomme en confitures, gel\u00e9es, p\u00e2tes de coing, compotes, tartes, plats sal\u00e9s (volaille, gibier). Sa chair ferme en fait un ingr\u00e9dient tr\u00e8s polyvalent. Autofertile. Il se r\u00e9colte en octobre mais sa saveur est optimale apr\u00e8s quelques semaines de repos, se conserve plusieurs mois dans un lieu frais.<\/div>\n<\/div>\n<\/div>\n<\/div>\n<div><\/div>\n<div class=\"woocommerce-product-details__short-description\">\n<p><a href=\"https:\/\/refletsdarbres.fr\/index.php\/periodes-de-floraison-et-de-recolte\/\" target=\"_blank\" rel=\"noopener\"><u>Pour vous mieux choisir vos vari\u00e9t\u00e9s, cliquez ici pour consulter les calendriers de floraison et de r\u00e9colte.<\/u><\/a><\/p>\n<p>&nbsp;<\/p>\n<\/div>\n<p>Le porte-greffe du cognassier:<\/p>\n<p>&#8211; <strong>Cognassier de Provence \u00ab\u00a0BA29\u00a0\u00bb<\/strong> : produit des arbres de taille moyenne, pas trop vigoureux, offrant rapidement des fruits assez gros et de qualit\u00e9. Il a une long\u00e9vit\u00e9 d\u2019au moins 50 ans. Il prosp\u00e8re dans des sols riches et profonds, bien qu\u2019il puisse tol\u00e9rer la s\u00e9cheresse et une l\u00e9g\u00e8re pr\u00e9sence de calcaire.<\/p>\n<p>Actuellement, tous les arbres passent 2 saisons \u00e0 la p\u00e9pini\u00e8re.<\/p>\n","protected":false},"excerpt":{"rendered":"<p><em>Cydonia oblonga<\/em>\u00a0\u2013 Familles des Rosac\u00e9es<\/p>\n<p>Fruitier ancien, robuste et productif, parfait pour tous les types de vergers. Tr\u00e8s appr\u00e9ci\u00e9 pour ses gros coings parfum\u00e9s, il s\u2019adapte bien aux climats temp\u00e9r\u00e9s. Le fruit est assez gros, ovale, jaune d&rsquo;or \u00e0 chair tr\u00e8s parfum\u00e9. Sa chair ferme en fait un ingr\u00e9dient tr\u00e8s polyvalent. Autofertile. R\u00e9colte en octobre, longue conservation.<\/p>\n<p>&nbsp;<\/p>\n","protected":false},"featured_media":0,"template":"","meta":[],"product_brand":[],"product_cat":[38,127],"product_tag":[],"class_list":{"0":"post-1217","1":"product","2":"type-product","3":"status-publish","5":"product_cat-arbres-fruitiers","6":"product_cat-cognassiers","8":"entry","10":"first","11":"outofstock","12":"taxable","13":"shipping-taxable","14":"purchasable","15":"product-type-variable","16":"has-default-attributes","17":"has-product-nav","18":"col","19":"span_1_of_4","20":"owp-content-center","21":"item-entry","22":"owp-thumbs-layout-horizontal","23":"owp-btn-normal","24":"owp-tabs-layout-section","25":"has-no-thumbnails"},"_links":{"self":[{"href":"https:\/\/refletsdarbres.fr\/index.php\/wp-json\/wp\/v2\/product\/1217","targetHints":{"allow":["GET"]}}],"collection":[{"href":"https:\/\/refletsdarbres.fr\/index.php\/wp-json\/wp\/v2\/product"}],"about":[{"href":"https:\/\/refletsdarbres.fr\/index.php\/wp-json\/wp\/v2\/types\/product"}],"wp:attachment":[{"href":"https:\/\/refletsdarbres.fr\/index.php\/wp-json\/wp\/v2\/media?parent=1217"}],"wp:term":[{"taxonomy":"product_brand","embeddable":true,"href":"https:\/\/refletsdarbres.fr\/index.php\/wp-json\/wp\/v2\/product_brand?post=1217"},{"taxonomy":"product_cat","embeddable":true,"href":"https:\/\/refletsdarbres.fr\/index.php\/wp-json\/wp\/v2\/product_cat?post=1217"},{"taxonomy":"product_tag","embeddable":true,"href":"https:\/\/refletsdarbres.fr\/index.php\/wp-json\/wp\/v2\/product_tag?post=1217"}],"curies":[{"name":"wp","href":"https:\/\/api.w.org\/{rel}","templated":true}]}}