{"id":1214,"date":"2025-09-16T14:47:52","date_gmt":"2025-09-16T12:47:52","guid":{"rendered":"https:\/\/refletsdarbres.fr\/?post_type=product&#038;p=1214"},"modified":"2025-09-30T18:57:20","modified_gmt":"2025-09-30T16:57:20","slug":"coing-aromatnaya","status":"publish","type":"product","link":"https:\/\/refletsdarbres.fr\/index.php\/produit\/coing-aromatnaya\/","title":{"rendered":"Coing Aromatnaya"},"content":{"rendered":"<div class=\"woocommerce-product-details__short-description\">\n<div class=\"elementor-element elementor-element-49c93cf elementor-widget elementor-widget-wl-single-product-short-description\" data-id=\"49c93cf\" data-element_type=\"widget\" data-widget_type=\"wl-single-product-short-description.default\">\n<div class=\"elementor-widget-container\">\n<div class=\"woocommerce-product-details__short-description\">Le cognassier Aromatnaya est une vari\u00e9t\u00e9 unique, parfaite pour les amateurs de fruits parfum\u00e9s. Rustique et tr\u00e8s productif, il donne de gros fruits jaunes aux ar\u00f4mes d\u2019ananas et de citron. Contrairement aux autres coings, le coing cru Aromatnaya peut se d\u00e9guster en petites quantit\u00e9s. \u00c0 consommer cru, en tranches fines, ou cuit : confitures, gel\u00e9es, p\u00e2te de coing, tartes, compotes, jus et sirops maison. Autofertile. R\u00e9colte en septembre et octobre.<\/div>\n<\/div>\n<\/div>\n<\/div>\n<div><\/div>\n<div class=\"woocommerce-product-details__short-description\">\n<p><a href=\"https:\/\/refletsdarbres.fr\/index.php\/periodes-de-floraison-et-de-recolte\/\" target=\"_blank\" rel=\"noopener\"><u>Pour vous mieux choisir vos vari\u00e9t\u00e9s, cliquez ici pour consulter les calendriers de floraison et de r\u00e9colte.<\/u><\/a><\/p>\n<p>&nbsp;<\/p>\n<\/div>\n<p>Le porte-greffe du cognassier:<\/p>\n<p>&#8211; <strong>Cognassier de Provence \u00ab\u00a0BA29\u00a0\u00bb<\/strong> : produit des arbres de taille moyenne, pas trop vigoureux, offrant rapidement des fruits assez gros et de qualit\u00e9. Il a une long\u00e9vit\u00e9 d\u2019au moins 50 ans. Il prosp\u00e8re dans des sols riches et profonds, bien qu\u2019il puisse tol\u00e9rer la s\u00e9cheresse et une l\u00e9g\u00e8re pr\u00e9sence de calcaire.<\/p>\n<p>Actuellement, tous les arbres passent 2 saisons \u00e0 la p\u00e9pini\u00e8re.<\/p>\n","protected":false},"excerpt":{"rendered":"<p><em>Cydonia oblonga<\/em>\u00a0\u2013 Familles des Rosac\u00e9es<\/p>\n<p>Le cognassier Aromatnaya est une vari\u00e9t\u00e9 unique, parfaite pour les amateurs de fruits parfum\u00e9s. Rustique et tr\u00e8s productif, il donne de gros fruits jaunes aux ar\u00f4mes d\u2019ananas et de citron. Contrairement aux autres coings, le coing cru Aromatnaya peut se d\u00e9guster en petites quantit\u00e9s. \u00c0 consommer cru, en tranches fines, ou cuit. Autofertile. R\u00e9colte en septembre et octobre.<\/p>\n<p>&nbsp;<\/p>\n","protected":false},"featured_media":0,"template":"","meta":[],"product_brand":[],"product_cat":[38,127],"product_tag":[],"class_list":{"0":"post-1214","1":"product","2":"type-product","3":"status-publish","5":"product_cat-arbres-fruitiers","6":"product_cat-cognassiers","8":"entry","10":"first","11":"outofstock","12":"taxable","13":"shipping-taxable","14":"purchasable","15":"product-type-variable","16":"has-default-attributes","17":"has-product-nav","18":"col","19":"span_1_of_4","20":"owp-content-center","21":"item-entry","22":"owp-thumbs-layout-horizontal","23":"owp-btn-normal","24":"owp-tabs-layout-section","25":"has-no-thumbnails"},"_links":{"self":[{"href":"https:\/\/refletsdarbres.fr\/index.php\/wp-json\/wp\/v2\/product\/1214","targetHints":{"allow":["GET"]}}],"collection":[{"href":"https:\/\/refletsdarbres.fr\/index.php\/wp-json\/wp\/v2\/product"}],"about":[{"href":"https:\/\/refletsdarbres.fr\/index.php\/wp-json\/wp\/v2\/types\/product"}],"wp:attachment":[{"href":"https:\/\/refletsdarbres.fr\/index.php\/wp-json\/wp\/v2\/media?parent=1214"}],"wp:term":[{"taxonomy":"product_brand","embeddable":true,"href":"https:\/\/refletsdarbres.fr\/index.php\/wp-json\/wp\/v2\/product_brand?post=1214"},{"taxonomy":"product_cat","embeddable":true,"href":"https:\/\/refletsdarbres.fr\/index.php\/wp-json\/wp\/v2\/product_cat?post=1214"},{"taxonomy":"product_tag","embeddable":true,"href":"https:\/\/refletsdarbres.fr\/index.php\/wp-json\/wp\/v2\/product_tag?post=1214"}],"curies":[{"name":"wp","href":"https:\/\/api.w.org\/{rel}","templated":true}]}}