{"id":1207,"date":"2025-09-16T14:34:17","date_gmt":"2025-09-16T12:34:17","guid":{"rendered":"https:\/\/refletsdarbres.fr\/?post_type=product&#038;p=1207"},"modified":"2026-03-04T13:12:53","modified_gmt":"2026-03-04T12:12:53","slug":"coing-geant-de-vranja","status":"publish","type":"product","link":"https:\/\/refletsdarbres.fr\/index.php\/produit\/coing-geant-de-vranja\/","title":{"rendered":"Coing G\u00e9ant de Vranja"},"content":{"rendered":"<div class=\"woocommerce-product-details__short-description\">\n<div class=\"elementor-element elementor-element-49c93cf elementor-widget elementor-widget-wl-single-product-short-description\" data-id=\"49c93cf\" data-element_type=\"widget\" data-widget_type=\"wl-single-product-short-description.default\">\n<div class=\"elementor-widget-container\">\n<div class=\"woocommerce-product-details__short-description\">Le cognassier Vranja, aussi appel\u00e9 coing g\u00e9ant de Vranja, est une vari\u00e9t\u00e9 impressionnante originaire de Serbie. Ses fruits, tr\u00e8s gros (200 \u00e0 800 g), se distinguent par leur peau jaune \u00e9clatante et leur chair ferme, douce et parfum\u00e9e. Le coing Vranja poss\u00e8de une peau fine et lisse, une chair ferme et un go\u00fbt sucr\u00e9 l\u00e9g\u00e8rement acidul\u00e9. \u00c0 la cuisson, il lib\u00e8re un parfum fruit\u00e9 unique, id\u00e9al pour de nombreuses recettes. Parfait pour confitures, gel\u00e9es, compotes, p\u00e2tes de fruits ou p\u00e2tisseries, ce coing g\u00e9ant offre une saveur riche et une texture agr\u00e9able en cuisine. La r\u00e9colte se fait en automne. Gr\u00e2ce \u00e0 sa chair dense, le coing Vranja se conserve longtemps, id\u00e9al pour les pr\u00e9parations hivernales. Autofertile<\/div>\n<\/div>\n<\/div>\n<\/div>\n<div><\/div>\n<div class=\"woocommerce-product-details__short-description\">\n<p><a href=\"https:\/\/refletsdarbres.fr\/index.php\/periodes-de-floraison-et-de-recolte\/\" target=\"_blank\" rel=\"noopener\"><u>Pour vous mieux choisir vos vari\u00e9t\u00e9s, cliquez ici pour consulter les calendriers de floraison et de r\u00e9colte.<\/u><\/a><\/p>\n<p>&nbsp;<\/p>\n<\/div>\n<p>Le porte-greffe du cognassier:<\/p>\n<p>&#8211; <strong>Cognassier de Provence \u00ab\u00a0BA29\u00a0\u00bb<\/strong> : produit des arbres de taille moyenne, pas trop vigoureux, offrant rapidement des fruits assez gros et de qualit\u00e9. Il a une long\u00e9vit\u00e9 d\u2019au moins 50 ans. Il prosp\u00e8re dans des sols riches et profonds, bien qu\u2019il puisse tol\u00e9rer la s\u00e9cheresse et une l\u00e9g\u00e8re pr\u00e9sence de calcaire.<\/p>\n<p>Actuellement, tous les arbres passent 2 saisons \u00e0 la p\u00e9pini\u00e8re.<\/p>\n","protected":false},"excerpt":{"rendered":"<p><em>Cydonia oblonga<\/em>\u00a0\u2013 Familles des Rosac\u00e9es<\/p>\n<p>Vari\u00e9t\u00e9 impressionnante originaire de Serbie. Fruits tr\u00e8s gros (200 \u00e0 800 g) \u00e0 la peau jaune \u00e9clatante, fine et lisse, et chair ferme, douce et parfum\u00e9e l\u00e9g\u00e8rement acidul\u00e9. Parfait pour confitures, gel\u00e9es, compotes, p\u00e2tes de fruits ou p\u00e2tisseries. R\u00e9colte en octobre, longue conservation. Autofertile<\/p>\n<p>&nbsp;<\/p>\n","protected":false},"featured_media":0,"template":"","meta":[],"product_brand":[],"product_cat":[38,127],"product_tag":[],"class_list":{"0":"post-1207","1":"product","2":"type-product","3":"status-publish","5":"product_cat-arbres-fruitiers","6":"product_cat-cognassiers","8":"entry","10":"first","11":"outofstock","12":"taxable","13":"shipping-taxable","14":"purchasable","15":"product-type-variable","16":"has-default-attributes","17":"has-product-nav","18":"col","19":"span_1_of_4","20":"owp-content-center","21":"item-entry","22":"owp-thumbs-layout-horizontal","23":"owp-btn-normal","24":"owp-tabs-layout-section","25":"has-no-thumbnails"},"_links":{"self":[{"href":"https:\/\/refletsdarbres.fr\/index.php\/wp-json\/wp\/v2\/product\/1207","targetHints":{"allow":["GET"]}}],"collection":[{"href":"https:\/\/refletsdarbres.fr\/index.php\/wp-json\/wp\/v2\/product"}],"about":[{"href":"https:\/\/refletsdarbres.fr\/index.php\/wp-json\/wp\/v2\/types\/product"}],"wp:attachment":[{"href":"https:\/\/refletsdarbres.fr\/index.php\/wp-json\/wp\/v2\/media?parent=1207"}],"wp:term":[{"taxonomy":"product_brand","embeddable":true,"href":"https:\/\/refletsdarbres.fr\/index.php\/wp-json\/wp\/v2\/product_brand?post=1207"},{"taxonomy":"product_cat","embeddable":true,"href":"https:\/\/refletsdarbres.fr\/index.php\/wp-json\/wp\/v2\/product_cat?post=1207"},{"taxonomy":"product_tag","embeddable":true,"href":"https:\/\/refletsdarbres.fr\/index.php\/wp-json\/wp\/v2\/product_tag?post=1207"}],"curies":[{"name":"wp","href":"https:\/\/api.w.org\/{rel}","templated":true}]}}