{"id":1168,"date":"2025-09-16T08:33:49","date_gmt":"2025-09-16T06:33:49","guid":{"rendered":"https:\/\/refletsdarbres.fr\/?post_type=product&#038;p=1168"},"modified":"2026-03-22T11:17:54","modified_gmt":"2026-03-22T10:17:54","slug":"poire-saint-jean","status":"publish","type":"product","link":"https:\/\/refletsdarbres.fr\/index.php\/produit\/poire-saint-jean\/","title":{"rendered":"Poire Saint-Jean"},"content":{"rendered":"<div class=\"woocommerce-product-details__short-description\">\n<div class=\"elementor-element elementor-element-49c93cf elementor-widget elementor-widget-wl-single-product-short-description\" data-id=\"49c93cf\" data-element_type=\"widget\" data-widget_type=\"wl-single-product-short-description.default\">\n<div class=\"elementor-widget-container\">\n<div class=\"woocommerce-product-details__short-description\">\n<p>Le Poirier Saint-Jean est une vari\u00e9t\u00e9 ancienne d\u2019Aquitaine. Elle est l\u2019une des premi\u00e8res poires de l\u2019ann\u00e9e, avec une r\u00e9colte \u00e9chelonn\u00e9e d\u00e8s d\u00e9but juillet. Le fruit ne se conserve pas longtemps. La chair blanche et demi-fine est juteuse et sucr\u00e9e, avec une texture croquante rafra\u00eechissante. Son go\u00fbt doux et l\u00e9g\u00e8rement parfum\u00e9, sans acidit\u00e9 marqu\u00e9e. L&rsquo;arbre est vigoureux et autofertile.<\/p>\n<p>Vari\u00e9t\u00e9 non greff\u00e9e sur cognassier BA29.<\/p>\n<\/div>\n<\/div>\n<\/div>\n<p><a href=\"https:\/\/refletsdarbres.fr\/index.php\/periodes-de-floraison-et-de-recolte\/\" target=\"_blank\" rel=\"noopener\"><u>Pour vous mieux choisir vos vari\u00e9t\u00e9s, cliquez ici pour consulter les calendriers de floraison et de r\u00e9colte.<\/u><\/a><\/p>\n<p>&nbsp;<\/p>\n<\/div>\n<p>Les portes-greffes de poirier :<\/p>\n<p>&#8211; <strong>Franc Kirchensaller<\/strong> : Porte-greffe recommand\u00e9 si vous souhaitez un arbre qui vous survivra. Il donne des poiriers tr\u00e8s robustes, de grande taille, qui fructifient tardivement (4-5 ans), avec des fruits de petite taille jusqu\u2019\u00e0 leurs 10\/15 ans. Apr\u00e8s cette p\u00e9riode, les poires sont de qualit\u00e9 similaire \u00e0 celles du cognassier et sont produites en quantit\u00e9s consid\u00e9rables. Les poiriers greff\u00e9s sur franc peuvent vivre jusqu\u2019\u00e0 200 ans et s\u2019adaptent bien \u00e0 divers types de sols, y compris les sols calcaires mais ont plus de mal en sols asphyxiants (tass\u00e9s, humides, argileux).<\/p>\n<p>&#8211; <strong>Cognassier de Provence \u00ab\u00a0BA29\u00a0\u00bb<\/strong> : Offrant une mise \u00e0 fruit rapide pour des poiriers de petite taille et \u00e0 vigueur mod\u00e9r\u00e9e. Il donne rapidement des fruits plus gros et de meilleure qualit\u00e9 que ceux greff\u00e9s sur franc. La mise \u00e0 fruits est rapide (3 ans), mais l\u2019arbre a une dur\u00e9e de vie plus courte (30-40 ans). Il prosp\u00e8re dans des sols riches et profonds, bien qu\u2019il puisse tol\u00e9rer la s\u00e9cheresse et une l\u00e9g\u00e8re pr\u00e9sence de calcaire.<\/p>\n<p><strong>Certaines vari\u00e9t\u00e9s sont r\u00e9put\u00e9es incompatibles avec le BA29<\/strong>, cela est signal\u00e9 dans leur description. Elles ne sont donc soit pas propos\u00e9es sur ce porte-greffe, soit propos\u00e9es avec une \u00ab\u00a0double greffe\u00a0\u00bb c&rsquo;est-\u00e0-dire avec une greffe d&rsquo;un interm\u00e9diaire de poirier compatible avec le porte-greffe et la vari\u00e9t\u00e9. Ces greffes demandant plus de travail, leur prix est un peu plus \u00e9lev\u00e9.<\/p>\n<p>Actuellement, tous les arbres passent 2 saisons \u00e0 la p\u00e9pini\u00e8re.<\/p>\n","protected":false},"excerpt":{"rendered":"<p><em>Pyrus Communis<\/em> \u2013 Familles des Rosac\u00e9es<\/p>\n<p>Vari\u00e9t\u00e9 ancienne d\u2019Aquitaine. Une des premi\u00e8res poires de l\u2019ann\u00e9e, avec une r\u00e9colte \u00e9chelonn\u00e9e d\u00e8s d\u00e9but juillet. Le fruit ne se conserve pas longtemps. La chair blanche et demi-fine est juteuse et sucr\u00e9e, avec une texture croquante rafra\u00eechissante. Son go\u00fbt doux et l\u00e9g\u00e8rement parfum\u00e9, sans acidit\u00e9 marqu\u00e9e. L&rsquo;arbre est vigoureux et autofertile.<\/p>\n<p>&nbsp;<\/p>\n","protected":false},"featured_media":0,"template":"","meta":[],"product_brand":[],"product_cat":[38,26],"product_tag":[],"class_list":{"0":"post-1168","1":"product","2":"type-product","3":"status-publish","5":"product_cat-arbres-fruitiers","6":"product_cat-poiriers","8":"entry","10":"first","11":"outofstock","12":"taxable","13":"shipping-taxable","14":"purchasable","15":"product-type-variable","16":"has-default-attributes","17":"has-product-nav","18":"col","19":"span_1_of_4","20":"owp-content-center","21":"item-entry","22":"owp-thumbs-layout-horizontal","23":"owp-btn-normal","24":"owp-tabs-layout-section","25":"has-no-thumbnails"},"_links":{"self":[{"href":"https:\/\/refletsdarbres.fr\/index.php\/wp-json\/wp\/v2\/product\/1168","targetHints":{"allow":["GET"]}}],"collection":[{"href":"https:\/\/refletsdarbres.fr\/index.php\/wp-json\/wp\/v2\/product"}],"about":[{"href":"https:\/\/refletsdarbres.fr\/index.php\/wp-json\/wp\/v2\/types\/product"}],"wp:attachment":[{"href":"https:\/\/refletsdarbres.fr\/index.php\/wp-json\/wp\/v2\/media?parent=1168"}],"wp:term":[{"taxonomy":"product_brand","embeddable":true,"href":"https:\/\/refletsdarbres.fr\/index.php\/wp-json\/wp\/v2\/product_brand?post=1168"},{"taxonomy":"product_cat","embeddable":true,"href":"https:\/\/refletsdarbres.fr\/index.php\/wp-json\/wp\/v2\/product_cat?post=1168"},{"taxonomy":"product_tag","embeddable":true,"href":"https:\/\/refletsdarbres.fr\/index.php\/wp-json\/wp\/v2\/product_tag?post=1168"}],"curies":[{"name":"wp","href":"https:\/\/api.w.org\/{rel}","templated":true}]}}