{"id":115,"date":"2024-09-08T15:15:17","date_gmt":"2024-09-08T13:15:17","guid":{"rendered":"https:\/\/refletsdarbres.fr\/?post_type=product&#038;p=115"},"modified":"2026-02-26T14:52:55","modified_gmt":"2026-02-26T13:52:55","slug":"andega","status":"publish","type":"product","link":"https:\/\/refletsdarbres.fr\/index.php\/produit\/andega\/","title":{"rendered":"Cassis Andega"},"content":{"rendered":"<p>Plus riche en vitamine C que les agrumes, le jus de cassis a la r\u00e9putation de rel\u00e9guer aux oubliettes la fatigue, les maux de foie, et de soulager l\u2019arthrite. Consomm\u00e9es en tisane, ses feuilles luttent contre les migraines et soutiennent le syst\u00e8me digestif, entre autres\u2026 Les fruits sont agr\u00e9ables \u00e0 consommer en frais directement sur l&rsquo;arbuste mais aussi s\u00e9ch\u00e9s, en confiture ou encore en p\u00e2tisserie.<\/p>\n<p><strong>Conseils de plantation :<\/strong> les racines superficielles du cassis permettent de l&rsquo;associer facilement aux arbres fruitiers. A planter \u00e0 l&rsquo;abri du soleil de l&rsquo;apr\u00e8s-midi qui br\u00fble ses feuilles.<\/p>\n","protected":false},"excerpt":{"rendered":"<p><em>Ribes nigrum<\/em> &#8211; Famille des Grossulariaceae<\/p>\n<p>Tr\u00e8s bonne qualit\u00e9 aromatique pour tisane et g\u00e9moth\u00e9rapie, productif et auto-fertile, r\u00e9sistant \u00e0 l&rsquo;o\u00efdium. Fruits fermes, acides et tr\u00e8s aromatis\u00e9s. R\u00e9colte fin juillet.<\/p>\n<p>Plants de 2 ans en racines nues<\/p>\n<p><em>Note sur les formats : les petits sont des plants qui dans les m\u00eames conditions ont d\u00e9marr\u00e9s moins vite que les autres<\/em><\/p>\n","protected":false},"featured_media":1614,"template":"","meta":[],"product_brand":[],"product_cat":[27],"product_tag":[],"class_list":{"0":"post-115","1":"product","2":"type-product","3":"status-publish","4":"has-post-thumbnail","6":"product_cat-cassis","8":"entry","9":"has-media","11":"first","12":"outofstock","13":"taxable","14":"shipping-taxable","15":"purchasable","16":"product-type-variable","17":"has-product-nav","18":"col","19":"span_1_of_4","20":"owp-content-center","21":"item-entry","22":"owp-thumbs-layout-horizontal","23":"owp-btn-normal","24":"owp-tabs-layout-section","25":"has-no-thumbnails"},"_links":{"self":[{"href":"https:\/\/refletsdarbres.fr\/index.php\/wp-json\/wp\/v2\/product\/115","targetHints":{"allow":["GET"]}}],"collection":[{"href":"https:\/\/refletsdarbres.fr\/index.php\/wp-json\/wp\/v2\/product"}],"about":[{"href":"https:\/\/refletsdarbres.fr\/index.php\/wp-json\/wp\/v2\/types\/product"}],"wp:featuredmedia":[{"embeddable":true,"href":"https:\/\/refletsdarbres.fr\/index.php\/wp-json\/wp\/v2\/media\/1614"}],"wp:attachment":[{"href":"https:\/\/refletsdarbres.fr\/index.php\/wp-json\/wp\/v2\/media?parent=115"}],"wp:term":[{"taxonomy":"product_brand","embeddable":true,"href":"https:\/\/refletsdarbres.fr\/index.php\/wp-json\/wp\/v2\/product_brand?post=115"},{"taxonomy":"product_cat","embeddable":true,"href":"https:\/\/refletsdarbres.fr\/index.php\/wp-json\/wp\/v2\/product_cat?post=115"},{"taxonomy":"product_tag","embeddable":true,"href":"https:\/\/refletsdarbres.fr\/index.php\/wp-json\/wp\/v2\/product_tag?post=115"}],"curies":[{"name":"wp","href":"https:\/\/api.w.org\/{rel}","templated":true}]}}