{"id":1118,"date":"2025-09-15T09:49:24","date_gmt":"2025-09-15T07:49:24","guid":{"rendered":"https:\/\/refletsdarbres.fr\/?post_type=product&#038;p=1118"},"modified":"2026-03-22T11:12:52","modified_gmt":"2026-03-22T10:12:52","slug":"poire-conference","status":"publish","type":"product","link":"https:\/\/refletsdarbres.fr\/index.php\/produit\/poire-conference\/","title":{"rendered":"Poire Conf\u00e9rence"},"content":{"rendered":"<div class=\"woocommerce-product-details__short-description\">\n<p>Vari\u00e9t\u00e9 tr\u00e8s appr\u00e9ci\u00e9e que l&rsquo;on retrouve dans de nombreux commerces, elle est apparue en Grande-Bretagne en 1884. Elle poss\u00e8de toutes qualit\u00e9s possibles pour un arbre fruitier : adaptabilit\u00e9 climatique, autofertilit\u00e9, abondance de production, fruits d\u00e9licieux, bonne conservation et bonne r\u00e9sistance aux maladies. L&rsquo;arbre est moyennement vigoureux et fleurit au mois d&rsquo;avril. La poire est allong\u00e9e \u00e0 peau verte ponctu\u00e9e de brun, \u00e0 chair dense, croquante, juteuse, tr\u00e8s sucr\u00e9e et acidul\u00e9e, parfum\u00e9e. Elle se r\u00e9colte en octobre et peut se conserver plusieurs mois au frais en cave ou chambre froide.<\/p>\n<p><a href=\"https:\/\/refletsdarbres.fr\/index.php\/periodes-de-floraison-et-de-recolte\/\" target=\"_blank\" rel=\"noopener\"><u>Pour vous mieux choisir vos vari\u00e9t\u00e9s, cliquez ici pour consulter les calendriers de floraison et de r\u00e9colte.<\/u><\/a><\/p>\n<p>&nbsp;<\/p>\n<\/div>\n<p>Les portes-greffes de poirier :<\/p>\n<p>&#8211; <strong>Franc Kirchensaller<\/strong> : Porte-greffe recommand\u00e9 si vous souhaitez un arbre qui vous survivra. Il donne des poiriers tr\u00e8s robustes, de grande taille, qui fructifient tardivement (4-5 ans), avec des fruits de petite taille jusqu\u2019\u00e0 leurs 10\/15 ans. Apr\u00e8s cette p\u00e9riode, les poires sont de qualit\u00e9 similaire \u00e0 celles du cognassier et sont produites en quantit\u00e9s consid\u00e9rables. Les poiriers greff\u00e9s sur franc peuvent vivre jusqu\u2019\u00e0 200 ans et s\u2019adaptent bien \u00e0 divers types de sols, y compris les sols calcaires mais ont plus de mal en sols asphyxiants (tass\u00e9s, humides, argileux).<\/p>\n<p>&#8211; <strong>Cognassier de Provence \u00ab\u00a0BA29\u00a0\u00bb<\/strong> : Offrant une mise \u00e0 fruit rapide pour des poiriers de petite taille et \u00e0 vigueur mod\u00e9r\u00e9e. Il donne rapidement des fruits plus gros et de meilleure qualit\u00e9 que ceux greff\u00e9s sur franc. La mise \u00e0 fruits est rapide (3 ans), mais l\u2019arbre a une dur\u00e9e de vie plus courte (30-40 ans). Il prosp\u00e8re dans des sols riches et profonds, bien qu\u2019il puisse tol\u00e9rer la s\u00e9cheresse et une l\u00e9g\u00e8re pr\u00e9sence de calcaire.<\/p>\n<p><strong>Certaines vari\u00e9t\u00e9s sont r\u00e9put\u00e9es incompatibles avec le BA29<\/strong>, cela est signal\u00e9 dans leur description. Elles ne sont donc soit pas propos\u00e9es sur ce porte-greffe, soit propos\u00e9es avec une \u00ab\u00a0double greffe\u00a0\u00bb c&rsquo;est-\u00e0-dire avec une greffe d&rsquo;un interm\u00e9diaire de poirier compatible avec le porte-greffe et la vari\u00e9t\u00e9. Ces greffes demandant plus de travail, leur prix est un peu plus \u00e9lev\u00e9.<\/p>\n<p>Actuellement, tous les arbres passent 2 saisons \u00e0 la p\u00e9pini\u00e8re.<\/p>\n","protected":false},"excerpt":{"rendered":"<p><em>Pyrus Communis<\/em> \u2013 Familles des Rosac\u00e9es<\/p>\n<p>Vari\u00e9t\u00e9 tr\u00e8s appr\u00e9ci\u00e9e que l&rsquo;on retrouve dans de nombreux commerces poss\u00e8dant toutes qualit\u00e9s possibles pour un arbre fruitier : adaptabilit\u00e9 climatique, autofertilit\u00e9, abondance de production, fruits d\u00e9licieux, bonne conservation et bonne r\u00e9sistance aux maladies. Poire allong\u00e9e \u00e0 peau verte ponctu\u00e9e de brun, \u00e0 chair dense, croquante, juteuse, tr\u00e8s sucr\u00e9e et acidul\u00e9e, parfum\u00e9e. R\u00e9colte en octobre, longue conservation<\/p>\n<p>&nbsp;<\/p>\n","protected":false},"featured_media":1523,"template":"","meta":[],"product_brand":[],"product_cat":[38,26],"product_tag":[],"class_list":{"0":"post-1118","1":"product","2":"type-product","3":"status-publish","4":"has-post-thumbnail","6":"product_cat-arbres-fruitiers","7":"product_cat-poiriers","9":"entry","10":"has-media","12":"first","13":"outofstock","14":"taxable","15":"shipping-taxable","16":"purchasable","17":"product-type-variable","18":"has-default-attributes","19":"has-product-nav","20":"col","21":"span_1_of_4","22":"owp-content-center","23":"item-entry","24":"owp-thumbs-layout-horizontal","25":"owp-btn-normal","26":"owp-tabs-layout-section","27":"has-no-thumbnails"},"_links":{"self":[{"href":"https:\/\/refletsdarbres.fr\/index.php\/wp-json\/wp\/v2\/product\/1118","targetHints":{"allow":["GET"]}}],"collection":[{"href":"https:\/\/refletsdarbres.fr\/index.php\/wp-json\/wp\/v2\/product"}],"about":[{"href":"https:\/\/refletsdarbres.fr\/index.php\/wp-json\/wp\/v2\/types\/product"}],"wp:featuredmedia":[{"embeddable":true,"href":"https:\/\/refletsdarbres.fr\/index.php\/wp-json\/wp\/v2\/media\/1523"}],"wp:attachment":[{"href":"https:\/\/refletsdarbres.fr\/index.php\/wp-json\/wp\/v2\/media?parent=1118"}],"wp:term":[{"taxonomy":"product_brand","embeddable":true,"href":"https:\/\/refletsdarbres.fr\/index.php\/wp-json\/wp\/v2\/product_brand?post=1118"},{"taxonomy":"product_cat","embeddable":true,"href":"https:\/\/refletsdarbres.fr\/index.php\/wp-json\/wp\/v2\/product_cat?post=1118"},{"taxonomy":"product_tag","embeddable":true,"href":"https:\/\/refletsdarbres.fr\/index.php\/wp-json\/wp\/v2\/product_tag?post=1118"}],"curies":[{"name":"wp","href":"https:\/\/api.w.org\/{rel}","templated":true}]}}