{"id":1078,"date":"2025-09-09T12:01:27","date_gmt":"2025-09-09T10:01:27","guid":{"rendered":"https:\/\/refletsdarbres.fr\/?post_type=product&#038;p=1078"},"modified":"2026-03-22T11:22:28","modified_gmt":"2026-03-22T10:22:28","slug":"prune-datil","status":"publish","type":"product","link":"https:\/\/refletsdarbres.fr\/index.php\/produit\/prune-datil\/","title":{"rendered":"Prune Datil"},"content":{"rendered":"<div class=\"woocommerce-product-details__short-description\">\n<p>Ancienne vari\u00e9t\u00e9 du Lot sauv\u00e9e de l\u2019oubli, la prune Datil est allong\u00e9e, de petite taille, \u00e0 la peau violet fonc\u00e9 et \u00e0 la chair jaune, juteuse et tr\u00e8s sucr\u00e9e. \u00c9galement connue sous le nom de Violine, cette prune \u00e9tait historiquement s\u00e9ch\u00e9e avant le d\u00e9veloppement du label \u00ab pruneau d\u2019Agen \u00bb, qui fut ensuite r\u00e9serv\u00e9 exclusivement \u00e0 la prune d\u2019Ente. Le Prunier Datil se distingue par sa r\u00e9sistance remarquable aux maladies et conditions difficiles, et sa faible tendance \u00e0 l&rsquo;alternance. Il est partiellement autofertile mais b\u00e9n\u00e9ficie grandement de la pollinisation crois\u00e9e. Les fleurs apparaissent fin mars et les fruits se r\u00e9coltent de mi-ao\u00fbt \u00e0 mi-septembre.<\/p>\n<\/div>\n<p>&nbsp;<\/p>\n<p><a href=\"https:\/\/refletsdarbres.fr\/index.php\/periodes-de-floraison-et-de-recolte\/\" target=\"_blank\" rel=\"noopener\"><u>Pour vous mieux choisir vos vari\u00e9t\u00e9s, cliquez ici pour consulter les calendriers de floraison et de r\u00e9colte.<\/u><\/a><\/p>\n<p>&nbsp;<\/p>\n<p>Les portes-greffes de prunier :<\/p>\n<p>&#8211; <strong>Myrobolan<\/strong> : Un porte-greffe polyvalent, adapt\u00e9 \u00e0 tous les types de sols, y compris l\u2019argile humide, le sec et le calcaire. Il est vigoureux et pr\u00e9sente une croissance rapide, formant des arbres pouvant aller jusqu&rsquo;\u00e0 6 m\u00e8tres d\u2019envergure. Il n\u00e9cessite simplement une surveillance r\u00e9guli\u00e8re pour \u00e9liminer les rejets qui se d\u00e9veloppent \u00e0 la base du tronc. On le trouve \u00e0 l&rsquo;\u00e9tat sauvage dans nos for\u00eats p\u00e9rigourdines.<\/p>\n<p>&#8211; <strong>Saint-Julien<\/strong> : Aussi polyvalent que le myrobolan, adapt\u00e9 \u00e0 tous les types de sols, y compris l\u2019argile humide, le sec et le calcaire. Il est un petit peu moins vigoureux, tout en pr\u00e9sentant une croissance rapide et donc forme des arbres plus petits. Il offre l&rsquo;avantage de beaucoup moins rejeter que le myrobolan.<\/p>\n<p>Actuellement, tous les arbres passent 2 saisons \u00e0 la p\u00e9pini\u00e8re.<\/p>\n","protected":false},"excerpt":{"rendered":"<p><em>Prunus Domestica<\/em> \u2013 Familles des Rosac\u00e9es<\/p>\n<p>Ancienne vari\u00e9t\u00e9 du Lot sauv\u00e9e de l\u2019oubli, la prune Datil est allong\u00e9e, de petite taille, \u00e0 la peau violet fonc\u00e9 et \u00e0 la chair jaune, juteuse et tr\u00e8s sucr\u00e9e. R\u00e9colte de mi-ao\u00fbt \u00e0 mi-septembre.<\/p>\n<p>&nbsp;<\/p>\n","protected":false},"featured_media":1465,"template":"","meta":[],"product_brand":[],"product_cat":[38,29],"product_tag":[],"class_list":{"0":"post-1078","1":"product","2":"type-product","3":"status-publish","4":"has-post-thumbnail","6":"product_cat-arbres-fruitiers","7":"product_cat-pruniers","9":"entry","10":"has-media","12":"first","13":"outofstock","14":"taxable","15":"shipping-taxable","16":"purchasable","17":"product-type-variable","18":"has-default-attributes","19":"has-product-nav","20":"col","21":"span_1_of_4","22":"owp-content-center","23":"item-entry","24":"owp-thumbs-layout-horizontal","25":"owp-btn-normal","26":"owp-tabs-layout-section","27":"has-no-thumbnails"},"_links":{"self":[{"href":"https:\/\/refletsdarbres.fr\/index.php\/wp-json\/wp\/v2\/product\/1078","targetHints":{"allow":["GET"]}}],"collection":[{"href":"https:\/\/refletsdarbres.fr\/index.php\/wp-json\/wp\/v2\/product"}],"about":[{"href":"https:\/\/refletsdarbres.fr\/index.php\/wp-json\/wp\/v2\/types\/product"}],"wp:featuredmedia":[{"embeddable":true,"href":"https:\/\/refletsdarbres.fr\/index.php\/wp-json\/wp\/v2\/media\/1465"}],"wp:attachment":[{"href":"https:\/\/refletsdarbres.fr\/index.php\/wp-json\/wp\/v2\/media?parent=1078"}],"wp:term":[{"taxonomy":"product_brand","embeddable":true,"href":"https:\/\/refletsdarbres.fr\/index.php\/wp-json\/wp\/v2\/product_brand?post=1078"},{"taxonomy":"product_cat","embeddable":true,"href":"https:\/\/refletsdarbres.fr\/index.php\/wp-json\/wp\/v2\/product_cat?post=1078"},{"taxonomy":"product_tag","embeddable":true,"href":"https:\/\/refletsdarbres.fr\/index.php\/wp-json\/wp\/v2\/product_tag?post=1078"}],"curies":[{"name":"wp","href":"https:\/\/api.w.org\/{rel}","templated":true}]}}