{"id":1063,"date":"2025-09-09T09:42:30","date_gmt":"2025-09-09T07:42:30","guid":{"rendered":"https:\/\/refletsdarbres.fr\/?post_type=product&#038;p=1063"},"modified":"2026-03-22T11:22:10","modified_gmt":"2026-03-22T10:22:10","slug":"prune-belle-de-louvain","status":"publish","type":"product","link":"https:\/\/refletsdarbres.fr\/index.php\/produit\/prune-belle-de-louvain\/","title":{"rendered":"Prune Belle de Louvain"},"content":{"rendered":"<div class=\"woocommerce-product-details__short-description\">\n<p>Belle de Louvain est une vari\u00e9t\u00e9 ancienne robuste, r\u00e9sistante aux hivers froids. Il produit de grosses prunes rouges violac\u00e9es, sucr\u00e9es et juteuses, tr\u00e8s appr\u00e9ci\u00e9es pour leur go\u00fbt et leur polyvalence. Elle se d\u00e9guste fra\u00eeche, en tarte, compote, confiture ou p\u00e2tisserie. Le prunier Belle de Louvain est autofertile, mais sa fructification est optimis\u00e9e en pr\u00e9sence d&rsquo;une autre vari\u00e9t\u00e9 florissant \u00e0 la m\u00eame p\u00e9riode.<\/p>\n<p>&nbsp;<\/p>\n<\/div>\n<p><a href=\"https:\/\/refletsdarbres.fr\/index.php\/periodes-de-floraison-et-de-recolte\/\" target=\"_blank\" rel=\"noopener\"><u>Pour vous mieux choisir vos vari\u00e9t\u00e9s, cliquez ici pour consulter les calendriers de floraison et de r\u00e9colte.<\/u><\/a><\/p>\n<p>&nbsp;<\/p>\n<p>Les portes-greffes de prunier :<\/p>\n<p>&#8211; <strong>Myrobolan<\/strong> : Un porte-greffe polyvalent, adapt\u00e9 \u00e0 tous les types de sols, y compris l\u2019argile humide, le sec et le calcaire. Il est vigoureux et pr\u00e9sente une croissance rapide, formant des arbres pouvant aller jusqu&rsquo;\u00e0 6 m\u00e8tres d\u2019envergure. Il n\u00e9cessite simplement une surveillance r\u00e9guli\u00e8re pour \u00e9liminer les rejets qui se d\u00e9veloppent \u00e0 la base du tronc. On le trouve \u00e0 l&rsquo;\u00e9tat sauvage dans nos for\u00eats p\u00e9rigourdines.<\/p>\n<p>&#8211; <strong>Saint-Julien<\/strong> : Aussi polyvalent que le myrobolan, adapt\u00e9 \u00e0 tous les types de sols, y compris l\u2019argile humide, le sec et le calcaire. Il est un petit peu moins vigoureux, tout en pr\u00e9sentant une croissance rapide et donc forme des arbres plus petits. Il offre l&rsquo;avantage de beaucoup moins rejeter que le myrobolan.<\/p>\n<p>Actuellement, tous les arbres passent 2 saisons \u00e0 la p\u00e9pini\u00e8re.<\/p>\n","protected":false},"excerpt":{"rendered":"<p><em>Prunus Domestica<\/em> \u2013 Familles des Rosac\u00e9es<\/p>\n<p>Belle de Louvain est une vari\u00e9t\u00e9 ancienne robuste, r\u00e9sistante aux hivers froids. Il produit de grosses prunes rouges violac\u00e9es, sucr\u00e9es et juteuses, tr\u00e8s appr\u00e9ci\u00e9es pour leur go\u00fbt et leur polyvalence. R\u00e9colte en ao\u00fbt.<\/p>\n<p>&nbsp;<\/p>\n","protected":false},"featured_media":0,"template":"","meta":[],"product_brand":[],"product_cat":[38,29],"product_tag":[],"class_list":{"0":"post-1063","1":"product","2":"type-product","3":"status-publish","5":"product_cat-arbres-fruitiers","6":"product_cat-pruniers","8":"entry","10":"first","11":"outofstock","12":"taxable","13":"shipping-taxable","14":"purchasable","15":"product-type-variable","16":"has-default-attributes","17":"has-product-nav","18":"col","19":"span_1_of_4","20":"owp-content-center","21":"item-entry","22":"owp-thumbs-layout-horizontal","23":"owp-btn-normal","24":"owp-tabs-layout-section","25":"has-no-thumbnails"},"_links":{"self":[{"href":"https:\/\/refletsdarbres.fr\/index.php\/wp-json\/wp\/v2\/product\/1063","targetHints":{"allow":["GET"]}}],"collection":[{"href":"https:\/\/refletsdarbres.fr\/index.php\/wp-json\/wp\/v2\/product"}],"about":[{"href":"https:\/\/refletsdarbres.fr\/index.php\/wp-json\/wp\/v2\/types\/product"}],"wp:attachment":[{"href":"https:\/\/refletsdarbres.fr\/index.php\/wp-json\/wp\/v2\/media?parent=1063"}],"wp:term":[{"taxonomy":"product_brand","embeddable":true,"href":"https:\/\/refletsdarbres.fr\/index.php\/wp-json\/wp\/v2\/product_brand?post=1063"},{"taxonomy":"product_cat","embeddable":true,"href":"https:\/\/refletsdarbres.fr\/index.php\/wp-json\/wp\/v2\/product_cat?post=1063"},{"taxonomy":"product_tag","embeddable":true,"href":"https:\/\/refletsdarbres.fr\/index.php\/wp-json\/wp\/v2\/product_tag?post=1063"}],"curies":[{"name":"wp","href":"https:\/\/api.w.org\/{rel}","templated":true}]}}