{"id":1056,"date":"2025-08-22T08:17:52","date_gmt":"2025-08-22T06:17:52","guid":{"rendered":"https:\/\/refletsdarbres.fr\/?post_type=product&#038;p=1056"},"modified":"2026-03-22T11:23:20","modified_gmt":"2026-03-22T10:23:20","slug":"prune-reine-claude-de-bavay","status":"publish","type":"product","link":"https:\/\/refletsdarbres.fr\/index.php\/produit\/prune-reine-claude-de-bavay\/","title":{"rendered":"Prune Reine-Claude de Bavay"},"content":{"rendered":"<div class=\"woocommerce-product-details__short-description\">\n<p>Le Prunier Reine Claude de Bavay est renomm\u00e9 pour ses fruits de taille moyenne \u00e0 la chair verte, sucr\u00e9e et parfum\u00e9e. Les fruits se consomment, en septembre, en frais mais aussi en confitures, compotes et p\u00e2tisseries, o\u00f9 leur go\u00fbt sucr\u00e9 et riche en ar\u00f4mes est particuli\u00e8rement appr\u00e9ci\u00e9. Cette vari\u00e9t\u00e9 est autofertile mais \u00e9galement une bonne pollinisatrice des autres pruniers. Elle s&rsquo;adapte \u00e0 tous types de sol, robuste et facile \u00e0 cultiver.<\/p>\n<\/div>\n<p>&nbsp;<\/p>\n<p><a href=\"https:\/\/refletsdarbres.fr\/index.php\/periodes-de-floraison-et-de-recolte\/\" target=\"_blank\" rel=\"noopener\"><u>Pour vous mieux choisir vos vari\u00e9t\u00e9s, cliquez ici pour consulter les calendriers de floraison et de r\u00e9colte.<\/u><\/a><\/p>\n<p>&nbsp;<\/p>\n<p>Les portes-greffes de prunier :<\/p>\n<p>&#8211; <strong>Myrobolan<\/strong> : Un porte-greffe polyvalent, adapt\u00e9 \u00e0 tous les types de sols, y compris l\u2019argile humide, le sec et le calcaire. Il est vigoureux et pr\u00e9sente une croissance rapide, formant des arbres pouvant aller jusqu&rsquo;\u00e0 6 m\u00e8tres d\u2019envergure. Il n\u00e9cessite simplement une surveillance r\u00e9guli\u00e8re pour \u00e9liminer les rejets qui se d\u00e9veloppent \u00e0 la base du tronc. On le trouve \u00e0 l&rsquo;\u00e9tat sauvage dans nos for\u00eats p\u00e9rigourdines.<\/p>\n<p>&#8211; <strong>Saint-Julien<\/strong> : Aussi polyvalent que le myrobolan, adapt\u00e9 \u00e0 tous les types de sols, y compris l\u2019argile humide, le sec et le calcaire. Il est un petit peu moins vigoureux, tout en pr\u00e9sentant une croissance rapide et donc forme des arbres plus petits. Il offre l&rsquo;avantage de beaucoup moins rejeter que le myrobolan.<\/p>\n<p>Actuellement, tous les arbres passent 2 saisons \u00e0 la p\u00e9pini\u00e8re.<\/p>\n","protected":false},"excerpt":{"rendered":"<p><em>Prunus Domestica<\/em> \u2013 Familles des Rosac\u00e9es<\/p>\n<p>Prunes de taille moyenne \u00e0 la chair verte, sucr\u00e9e et parfum\u00e9e. Se consomment, en septembre, en frais, en confitures, compotes et p\u00e2tisseries, o\u00f9 leur go\u00fbt sucr\u00e9 et riche en ar\u00f4mes est particuli\u00e8rement appr\u00e9ci\u00e9. Vari\u00e9t\u00e9 autofertile et \u00e9galement une bonne pollinisatrice des autres pruniers. S&rsquo;adapte \u00e0 tous types de sol, robuste et facile \u00e0 cultiver.<\/p>\n<p>&nbsp;<\/p>\n","protected":false},"featured_media":0,"template":"","meta":[],"product_brand":[],"product_cat":[38,29],"product_tag":[],"class_list":{"0":"post-1056","1":"product","2":"type-product","3":"status-publish","5":"product_cat-arbres-fruitiers","6":"product_cat-pruniers","8":"entry","10":"first","11":"outofstock","12":"taxable","13":"shipping-taxable","14":"purchasable","15":"product-type-variable","16":"has-default-attributes","17":"has-product-nav","18":"col","19":"span_1_of_4","20":"owp-content-center","21":"item-entry","22":"owp-thumbs-layout-horizontal","23":"owp-btn-normal","24":"owp-tabs-layout-section","25":"has-no-thumbnails"},"_links":{"self":[{"href":"https:\/\/refletsdarbres.fr\/index.php\/wp-json\/wp\/v2\/product\/1056","targetHints":{"allow":["GET"]}}],"collection":[{"href":"https:\/\/refletsdarbres.fr\/index.php\/wp-json\/wp\/v2\/product"}],"about":[{"href":"https:\/\/refletsdarbres.fr\/index.php\/wp-json\/wp\/v2\/types\/product"}],"wp:attachment":[{"href":"https:\/\/refletsdarbres.fr\/index.php\/wp-json\/wp\/v2\/media?parent=1056"}],"wp:term":[{"taxonomy":"product_brand","embeddable":true,"href":"https:\/\/refletsdarbres.fr\/index.php\/wp-json\/wp\/v2\/product_brand?post=1056"},{"taxonomy":"product_cat","embeddable":true,"href":"https:\/\/refletsdarbres.fr\/index.php\/wp-json\/wp\/v2\/product_cat?post=1056"},{"taxonomy":"product_tag","embeddable":true,"href":"https:\/\/refletsdarbres.fr\/index.php\/wp-json\/wp\/v2\/product_tag?post=1056"}],"curies":[{"name":"wp","href":"https:\/\/api.w.org\/{rel}","templated":true}]}}