{"id":1039,"date":"2025-08-21T08:48:57","date_gmt":"2025-08-21T06:48:57","guid":{"rendered":"https:\/\/refletsdarbres.fr\/?post_type=product&#038;p=1039"},"modified":"2026-03-03T12:48:46","modified_gmt":"2026-03-03T11:48:46","slug":"prune-ente-blanche-jaune","status":"publish","type":"product","link":"https:\/\/refletsdarbres.fr\/index.php\/produit\/prune-ente-blanche-jaune\/","title":{"rendered":"Prune Ente blanche jaune"},"content":{"rendered":"<div class=\"woocommerce-product-details__short-description\">\n<p>Aussi appel\u00e9e Agen jaune, il s&rsquo;agit d&rsquo;un clone jaune de la prune d\u2019Agen, \u00e0 la chair jaune croquante et tr\u00e8s sucr\u00e9e. Comme sa cousine, elle se d\u00e9guste en frais ou s\u00e9ch\u00e9e sous forme de pruneaux de couleur dor\u00e9e. Le Prunier d\u2019Ente blanche est un arbre autofertile, bien qu\u2019une pollinisation crois\u00e9e puisse am\u00e9liorer la qualit\u00e9 de la production. Il s\u2019adapte \u00e0 la plupart des sols bien drain\u00e9s, sans exc\u00e8s d\u2019eau et sans trop de calcaire, et pr\u00e9f\u00e8re les situations ensoleill\u00e9es. L&rsquo;arbre est assez vigoureux et particuli\u00e8rement r\u00e9sistant aux conditions climatiques variables, supportant des temp\u00e9ratures jusqu\u2019\u00e0 -20\u00b0C. Sa floraison moyenne, qui survient g\u00e9n\u00e9ralement en avril, lui permet en g\u00e9n\u00e9ral d\u2019\u00e9chapper aux gel\u00e9es. La cueillette s&rsquo;\u00e9chelonne de d\u00e9but ao\u00fbt \u00e0 d\u00e9but septembre.<\/p>\n<\/div>\n<p>&nbsp;<\/p>\n<p><a href=\"https:\/\/refletsdarbres.fr\/index.php\/periodes-de-floraison-et-de-recolte\/\" target=\"_blank\" rel=\"noopener\"><u>Pour vous mieux choisir vos vari\u00e9t\u00e9s, cliquez ici pour consulter les calendriers de floraison et de r\u00e9colte.<\/u><\/a><\/p>\n<p>&nbsp;<\/p>\n<p>Les portes-greffes de prunier :<\/p>\n<p>&#8211; <strong>Myrobolan<\/strong> : Un porte-greffe polyvalent, adapt\u00e9 \u00e0 tous les types de sols, y compris l\u2019argile humide, le sec et le calcaire. Il est vigoureux et pr\u00e9sente une croissance rapide, formant des arbres pouvant aller jusqu&rsquo;\u00e0 6 m\u00e8tres d\u2019envergure. Il n\u00e9cessite simplement une surveillance r\u00e9guli\u00e8re pour \u00e9liminer les rejets qui se d\u00e9veloppent \u00e0 la base du tronc. On le trouve \u00e0 l&rsquo;\u00e9tat sauvage dans nos for\u00eats p\u00e9rigourdines.<\/p>\n<p>&#8211; <strong>Saint-Julien<\/strong> : Aussi polyvalent que le myrobolan, adapt\u00e9 \u00e0 tous les types de sols, y compris l\u2019argile humide, le sec et le calcaire. Il est un petit peu moins vigoureux, tout en pr\u00e9sentant une croissance rapide et donc forme des arbres plus petits. Il offre l&rsquo;avantage de beaucoup moins rejeter que le myrobolan.<\/p>\n<p>Actuellement, tous les arbres passent 2 saisons \u00e0 la p\u00e9pini\u00e8re.<\/p>\n","protected":false},"excerpt":{"rendered":"<p><em>Prunus Domestica<\/em> \u2013 Familles des Rosac\u00e9es<\/p>\n<p>Clone jaune de la prune d\u2019Agen, chair jaune croquante et tr\u00e8s sucr\u00e9e. Arbre assez vigoureux et fertile, cueillette \u00e9chelonn\u00e9e de d\u00e9but ao\u00fbt \u00e0 d\u00e9but septembre<\/p>\n<p>&nbsp;<\/p>\n","protected":false},"featured_media":0,"template":"","meta":[],"product_brand":[],"product_cat":[38,29],"product_tag":[],"class_list":{"0":"post-1039","1":"product","2":"type-product","3":"status-publish","5":"product_cat-arbres-fruitiers","6":"product_cat-pruniers","8":"entry","10":"first","11":"outofstock","12":"taxable","13":"shipping-taxable","14":"purchasable","15":"product-type-variable","16":"has-default-attributes","17":"has-product-nav","18":"col","19":"span_1_of_4","20":"owp-content-center","21":"item-entry","22":"owp-thumbs-layout-horizontal","23":"owp-btn-normal","24":"owp-tabs-layout-section","25":"has-no-thumbnails"},"_links":{"self":[{"href":"https:\/\/refletsdarbres.fr\/index.php\/wp-json\/wp\/v2\/product\/1039","targetHints":{"allow":["GET"]}}],"collection":[{"href":"https:\/\/refletsdarbres.fr\/index.php\/wp-json\/wp\/v2\/product"}],"about":[{"href":"https:\/\/refletsdarbres.fr\/index.php\/wp-json\/wp\/v2\/types\/product"}],"wp:attachment":[{"href":"https:\/\/refletsdarbres.fr\/index.php\/wp-json\/wp\/v2\/media?parent=1039"}],"wp:term":[{"taxonomy":"product_brand","embeddable":true,"href":"https:\/\/refletsdarbres.fr\/index.php\/wp-json\/wp\/v2\/product_brand?post=1039"},{"taxonomy":"product_cat","embeddable":true,"href":"https:\/\/refletsdarbres.fr\/index.php\/wp-json\/wp\/v2\/product_cat?post=1039"},{"taxonomy":"product_tag","embeddable":true,"href":"https:\/\/refletsdarbres.fr\/index.php\/wp-json\/wp\/v2\/product_tag?post=1039"}],"curies":[{"name":"wp","href":"https:\/\/api.w.org\/{rel}","templated":true}]}}