{"id":1028,"date":"2025-08-21T08:35:51","date_gmt":"2025-08-21T06:35:51","guid":{"rendered":"https:\/\/refletsdarbres.fr\/?post_type=product&#038;p=1028"},"modified":"2025-09-30T18:57:09","modified_gmt":"2025-09-30T16:57:09","slug":"amande-avijor","status":"publish","type":"product","link":"https:\/\/refletsdarbres.fr\/index.php\/produit\/amande-avijor\/","title":{"rendered":"Amande Avijor"},"content":{"rendered":"<div class=\"woocommerce-product-details__short-description\">\n<div class=\"woocommerce-product-details__short-description\">\n<p>Amandes \u00e0 coque dure, bien parfum\u00e9es. Arbre tr\u00e8s productif, \u00e0 floraison tardive et \u00e0 mise \u00e0 fruit rapide, autofertile. R\u00e9colte d\u00e9but octobre.<\/p>\n<div><\/div>\n<div class=\"woocommerce-product-details__short-description\">\n<p><a href=\"https:\/\/refletsdarbres.fr\/index.php\/periodes-de-floraison-et-de-recolte\/\" target=\"_blank\" rel=\"noopener\"><u>Pour vous mieux choisir vos vari\u00e9t\u00e9s, cliquez ici pour consulter les calendriers de floraison et de r\u00e9colte.<\/u><\/a><\/p>\n<p>&nbsp;<\/p>\n<\/div>\n<\/div>\n<\/div>\n<p>Les amandiers sont greff\u00e9s sur des racines de pruniers plus adaptables \u00e0 tous types de sol que les amandiers francs :<\/p>\n<p>&#8211; <strong>Myrobolan<\/strong> : Un porte-greffe polyvalent, adapt\u00e9 \u00e0 tous les types de sols, y compris l\u2019argile humide, le sec et le calcaire. Il est vigoureux et pr\u00e9sente une croissance rapide, formant des arbres pouvant aller jusqu&rsquo;\u00e0 6 m\u00e8tres d\u2019envergure. Il n\u00e9cessite simplement une surveillance r\u00e9guli\u00e8re pour \u00e9liminer les rejets qui se d\u00e9veloppent \u00e0 la base du tronc.<\/p>\n<p>&#8211; <strong>Saint-Julien<\/strong> : Aussi polyvalent que le myrobolan, adapt\u00e9 \u00e0 tous les types de sols, y compris l\u2019argile humide, le sec et le calcaire. Il est un petit peu moins vigoureux, tout en pr\u00e9sentant une croissance rapide et donc forme des arbres plus petits. Il offre l&rsquo;avantage de beaucoup moins rejeter que le myrobolan.<\/p>\n<p>Actuellement, tous les arbres passent 2 saisons \u00e0 la p\u00e9pini\u00e8re.<\/p>\n","protected":false},"excerpt":{"rendered":"<p><em>Prunus Amygdalus<\/em> \u2013 Familles des Rosac\u00e9es<\/p>\n<p>Amandes \u00e0 coque dure, bien parfum\u00e9es. Arbre tr\u00e8s productif, \u00e0 floraison tardive et \u00e0 mise \u00e0 fruit rapide, autofertile. R\u00e9colte d\u00e9but octobre.<\/p>\n<p style=\"color: red;\">Attention : pour des raisons r\u00e9glementaires, les amandiers ne peuvent \u00eatre inclus que dans des commandes en retrait \u00e0 la p\u00e9pini\u00e8re, <span style=\"text-decoration: underline;\">pas d&rsquo;exp\u00e9dition.<\/span><\/p>\n","protected":false},"featured_media":0,"template":"","meta":[],"product_brand":[],"product_cat":[124,38],"product_tag":[],"class_list":{"0":"post-1028","1":"product","2":"type-product","3":"status-publish","5":"product_cat-amandiers","6":"product_cat-arbres-fruitiers","8":"entry","10":"first","11":"outofstock","12":"taxable","13":"shipping-taxable","14":"purchasable","15":"product-type-variable","16":"has-default-attributes","17":"has-product-nav","18":"col","19":"span_1_of_4","20":"owp-content-center","21":"item-entry","22":"owp-thumbs-layout-horizontal","23":"owp-btn-normal","24":"owp-tabs-layout-section","25":"has-no-thumbnails"},"_links":{"self":[{"href":"https:\/\/refletsdarbres.fr\/index.php\/wp-json\/wp\/v2\/product\/1028","targetHints":{"allow":["GET"]}}],"collection":[{"href":"https:\/\/refletsdarbres.fr\/index.php\/wp-json\/wp\/v2\/product"}],"about":[{"href":"https:\/\/refletsdarbres.fr\/index.php\/wp-json\/wp\/v2\/types\/product"}],"wp:attachment":[{"href":"https:\/\/refletsdarbres.fr\/index.php\/wp-json\/wp\/v2\/media?parent=1028"}],"wp:term":[{"taxonomy":"product_brand","embeddable":true,"href":"https:\/\/refletsdarbres.fr\/index.php\/wp-json\/wp\/v2\/product_brand?post=1028"},{"taxonomy":"product_cat","embeddable":true,"href":"https:\/\/refletsdarbres.fr\/index.php\/wp-json\/wp\/v2\/product_cat?post=1028"},{"taxonomy":"product_tag","embeddable":true,"href":"https:\/\/refletsdarbres.fr\/index.php\/wp-json\/wp\/v2\/product_tag?post=1028"}],"curies":[{"name":"wp","href":"https:\/\/api.w.org\/{rel}","templated":true}]}}