{"id":1011,"date":"2025-08-20T10:40:44","date_gmt":"2025-08-20T08:40:44","guid":{"rendered":"https:\/\/refletsdarbres.fr\/?post_type=product&#038;p=1011"},"modified":"2026-03-22T11:05:38","modified_gmt":"2026-03-22T10:05:38","slug":"cerise-reverchon","status":"publish","type":"product","link":"https:\/\/refletsdarbres.fr\/index.php\/produit\/cerise-reverchon\/","title":{"rendered":"Cerise Reverchon"},"content":{"rendered":"<p data-start=\"263\" data-end=\"591\">Reverchon est une vari\u00e9t\u00e9 ancienne originaire d&rsquo;Italie, tr\u00e8s vigoureuse et rustique. La floraison \u00e0\u00a0partir de mi-avril la rend peu sensible aux gel\u00e9es. Le fruit est gros et r\u00e9siste \u00e0\u00a0l&rsquo;\u00e9clatement,\u00a0il est de couleur rouge fonc\u00e9,\u00a0la chair\u00a0rouge est ferme, agr\u00e9ablement aromatis\u00e9e,\u00a0de tr\u00e8s bonne qualit\u00e9 gustative. L&rsquo;arbre est moyennement\u00a0productif. La r\u00e9colte\u00a0s&rsquo;\u00e9chelonne\u00a0de\u00a0fin juin \u00e0\u00a0d\u00e9but juillet. Cerise consomm\u00e9e en frais, aussi utilis\u00e9e pour la p\u00e2tisserie et les confitures. Le cerisier Reverchon n\u2019est pas autofertile. Associez-le \u00e0 une autre vari\u00e9t\u00e9 comme Moreau, Marmotte, G\u00e9ant d\u2019Hedelfingen ou encore Napol\u00e9on pour une pollinisation efficace.<\/p>\n<p data-start=\"263\" data-end=\"591\">\n<p data-start=\"263\" data-end=\"591\"><a href=\"https:\/\/refletsdarbres.fr\/index.php\/periodes-de-floraison-et-de-recolte\/\" target=\"_blank\" rel=\"noopener\"><u>Pour vous mieux choisir vos vari\u00e9t\u00e9s, cliquez ici pour consulter les calendriers de floraison et de r\u00e9colte.<\/u><\/a><\/p>\n<p data-start=\"263\" data-end=\"591\">\n<p>Les portes-greffes de cerisier, sont \u00e9galement des esp\u00e8ces de cerises sauvages que l&rsquo;on trouve dans nos for\u00eats p\u00e9rigourdines :<\/p>\n<p>&#8211; <strong>Sainte-Lucie<\/strong> : un porte-greffe id\u00e9al pour les sols secs, pierreux et calcaires. Il engendre des cerisiers plus petits, ce qui facilite la cueillette, avec une mise \u00e0 fruits plus rapide, mais une dur\u00e9e de vie plus courte. Il est sensible aux sols d\u00e9tremp\u00e9s et asphyxiants.<\/p>\n<p>&#8211; <strong>Merisier<\/strong> : un porte-greffe extr\u00eamement robuste, produisant des cerisiers de grande taille, tr\u00e8s productifs et durables, mais avec une mise \u00e0 fruits tardive (4-5 ans). Il prosp\u00e8re dans des sols sableux\/argileux, profonds et perm\u00e9ables, mais \u00e9vite les sols excessivement asphyxiants, calcaires et les zones tr\u00e8s s\u00e8ches.<\/p>\n<p>Actuellement, tous les arbres passent 2 saisons \u00e0 la p\u00e9pini\u00e8re.<\/p>\n","protected":false},"excerpt":{"rendered":"<p><em>Prunus Cerasus<\/em> \u2013 Familles des Rosac\u00e9es<\/p>\n<p>Vari\u00e9t\u00e9 ancienne tr\u00e8s vigoureuse et rustique. Peu sensible aux gel\u00e9es. Gros fruit rouge fonc\u00e9 r\u00e9sistant \u00e0 l&rsquo;\u00e9clatement. Chair rouge,\u00a0 ferme, agr\u00e9ablement aromatis\u00e9e, de tr\u00e8s bonne qualit\u00e9 gustative. R\u00e9colte de fin juin \u00e0 d\u00e9but juillet. Reverchon n\u2019est pas autofertile. Associez-le \u00e0 une autre vari\u00e9t\u00e9 comme Moreau, Marmotte, G\u00e9ant d\u2019Hedelfingen ou encore Napol\u00e9on pour une pollinisation efficace.<\/p>\n","protected":false},"featured_media":0,"template":"","meta":[],"product_brand":[],"product_cat":[38,23],"product_tag":[],"class_list":{"0":"post-1011","1":"product","2":"type-product","3":"status-publish","5":"product_cat-arbres-fruitiers","6":"product_cat-cerisiers","8":"entry","10":"first","11":"outofstock","12":"taxable","13":"shipping-taxable","14":"purchasable","15":"product-type-variable","16":"has-default-attributes","17":"has-product-nav","18":"col","19":"span_1_of_4","20":"owp-content-center","21":"item-entry","22":"owp-thumbs-layout-horizontal","23":"owp-btn-normal","24":"owp-tabs-layout-section","25":"has-no-thumbnails"},"_links":{"self":[{"href":"https:\/\/refletsdarbres.fr\/index.php\/wp-json\/wp\/v2\/product\/1011","targetHints":{"allow":["GET"]}}],"collection":[{"href":"https:\/\/refletsdarbres.fr\/index.php\/wp-json\/wp\/v2\/product"}],"about":[{"href":"https:\/\/refletsdarbres.fr\/index.php\/wp-json\/wp\/v2\/types\/product"}],"wp:attachment":[{"href":"https:\/\/refletsdarbres.fr\/index.php\/wp-json\/wp\/v2\/media?parent=1011"}],"wp:term":[{"taxonomy":"product_brand","embeddable":true,"href":"https:\/\/refletsdarbres.fr\/index.php\/wp-json\/wp\/v2\/product_brand?post=1011"},{"taxonomy":"product_cat","embeddable":true,"href":"https:\/\/refletsdarbres.fr\/index.php\/wp-json\/wp\/v2\/product_cat?post=1011"},{"taxonomy":"product_tag","embeddable":true,"href":"https:\/\/refletsdarbres.fr\/index.php\/wp-json\/wp\/v2\/product_tag?post=1011"}],"curies":[{"name":"wp","href":"https:\/\/api.w.org\/{rel}","templated":true}]}}