{"id":1001,"date":"2025-08-20T10:09:41","date_gmt":"2025-08-20T08:09:41","guid":{"rendered":"https:\/\/refletsdarbres.fr\/?post_type=product&#038;p=1001"},"modified":"2026-01-06T17:59:06","modified_gmt":"2026-01-06T16:59:06","slug":"cerise-precoce-de-la-marche","status":"publish","type":"product","link":"https:\/\/refletsdarbres.fr\/index.php\/produit\/cerise-precoce-de-la-marche\/","title":{"rendered":"Cerise Pr\u00e9coce de la marche"},"content":{"rendered":"<p data-start=\"346\" data-end=\"584\">D&rsquo;origine allemande, le cerisier Pr\u00e9coce de la Marche est l\u2019un des cerisiers primeur les plus appr\u00e9ci\u00e9s. D\u00e8s le d\u00e9but mai dans le sud de la France, il offre les premi\u00e8res cerises de la saison. Une vari\u00e9t\u00e9 id\u00e9ale pour les impatients du verger ! La cerise Pr\u00e9coce de la Marche est de taille moyenne \u00e0 grosse, de forme ovo\u00efde, \u00e0 peau rouge vif marbr\u00e9e de rose. Sa chair rose, juteuse et sucr\u00e9e r\u00e9v\u00e8le un go\u00fbt doux et fruit\u00e9. Son go\u00fbt sucr\u00e9 en fait un fruit id\u00e9al pour les premi\u00e8res salades ou desserts printaniers.\u00a0 Attention, vari\u00e9t\u00e9 non autofertile, associez-le \u00e0 un cerisier fleurissant \u00e0 la m\u00eame p\u00e9riode pour garantir une bonne pollinisation et une r\u00e9colte abondante.<\/p>\n<p data-start=\"346\" data-end=\"584\">\n<p data-start=\"346\" data-end=\"584\"><a href=\"https:\/\/refletsdarbres.fr\/index.php\/periodes-de-floraison-et-de-recolte\/\" target=\"_blank\" rel=\"noopener\"><u>Pour vous mieux choisir vos vari\u00e9t\u00e9s, cliquez ici pour consulter les calendriers de floraison et de r\u00e9colte.<\/u><\/a><\/p>\n<p data-start=\"346\" data-end=\"584\">\n<p>Les portes-greffes de cerisier, sont \u00e9galement des esp\u00e8ces de cerises sauvages que l&rsquo;on trouve dans nos for\u00eats p\u00e9rigourdines :<\/p>\n<p>&#8211; <strong>Sainte-Lucie<\/strong> : un porte-greffe id\u00e9al pour les sols secs, pierreux et calcaires. Il engendre des cerisiers plus petits, ce qui facilite la cueillette, avec une mise \u00e0 fruits plus rapide, mais une dur\u00e9e de vie plus courte. Il est sensible aux sols d\u00e9tremp\u00e9s et asphyxiants.<\/p>\n<p>&#8211; <strong>Merisier<\/strong> : un porte-greffe extr\u00eamement robuste, produisant des cerisiers de grande taille, tr\u00e8s productifs et durables, mais avec une mise \u00e0 fruits tardive (4-5 ans). Il prosp\u00e8re dans des sols sableux\/argileux, profonds et perm\u00e9ables, mais \u00e9vite les sols excessivement asphyxiants, calcaires et les zones tr\u00e8s s\u00e8ches.<\/p>\n<p>Actuellement, tous les arbres passent 2 saisons \u00e0 la p\u00e9pini\u00e8re.<\/p>\n","protected":false},"excerpt":{"rendered":"<p><em>Prunus Cerasus<\/em> \u2013 Familles des Rosac\u00e9es<\/p>\n<p>Un des cerisiers primeur les plus appr\u00e9ci\u00e9s. R\u00e9colte d\u00e8s le d\u00e9but mai. Cerise de taille moyenne \u00e0 grosse, de forme ovo\u00efde, \u00e0 peau rouge vif marbr\u00e9e de rose, chair rose, juteuse et sucr\u00e9e qui r\u00e9v\u00e8le un go\u00fbt doux et fruit\u00e9. Attention, vari\u00e9t\u00e9 non autofertile.<\/p>\n","protected":false},"featured_media":0,"template":"","meta":[],"product_brand":[],"product_cat":[38,23],"product_tag":[],"class_list":{"0":"post-1001","1":"product","2":"type-product","3":"status-publish","5":"product_cat-arbres-fruitiers","6":"product_cat-cerisiers","8":"entry","10":"first","11":"outofstock","12":"taxable","13":"shipping-taxable","14":"purchasable","15":"product-type-variable","16":"has-default-attributes","17":"has-product-nav","18":"col","19":"span_1_of_4","20":"owp-content-center","21":"item-entry","22":"owp-thumbs-layout-horizontal","23":"owp-btn-normal","24":"owp-tabs-layout-section","25":"has-no-thumbnails"},"_links":{"self":[{"href":"https:\/\/refletsdarbres.fr\/index.php\/wp-json\/wp\/v2\/product\/1001","targetHints":{"allow":["GET"]}}],"collection":[{"href":"https:\/\/refletsdarbres.fr\/index.php\/wp-json\/wp\/v2\/product"}],"about":[{"href":"https:\/\/refletsdarbres.fr\/index.php\/wp-json\/wp\/v2\/types\/product"}],"wp:attachment":[{"href":"https:\/\/refletsdarbres.fr\/index.php\/wp-json\/wp\/v2\/media?parent=1001"}],"wp:term":[{"taxonomy":"product_brand","embeddable":true,"href":"https:\/\/refletsdarbres.fr\/index.php\/wp-json\/wp\/v2\/product_brand?post=1001"},{"taxonomy":"product_cat","embeddable":true,"href":"https:\/\/refletsdarbres.fr\/index.php\/wp-json\/wp\/v2\/product_cat?post=1001"},{"taxonomy":"product_tag","embeddable":true,"href":"https:\/\/refletsdarbres.fr\/index.php\/wp-json\/wp\/v2\/product_tag?post=1001"}],"curies":[{"name":"wp","href":"https:\/\/api.w.org\/{rel}","templated":true}]}}