{"id":3,"date":"2024-01-10T10:32:36","date_gmt":"2024-01-10T09:32:36","guid":{"rendered":"http:\/\/refletsdarbres.fr\/?page_id=3"},"modified":"2024-09-28T20:11:57","modified_gmt":"2024-09-28T18:11:57","slug":"politique-de-confidentialite","status":"publish","type":"page","link":"https:\/\/refletsdarbres.fr\/index.php\/politique-de-confidentialite\/","title":{"rendered":"Politique de confidentialit\u00e9"},"content":{"rendered":"\t\t<div data-elementor-type=\"wp-page\" data-elementor-id=\"3\" class=\"elementor elementor-3\">\n\t\t\t\t<div class=\"elementor-element elementor-element-5d79ef0 e-flex e-con-boxed e-con e-parent\" data-id=\"5d79ef0\" data-element_type=\"container\" data-e-type=\"container\">\n\t\t\t\t\t<div class=\"e-con-inner\">\n\t\t\t\t<div class=\"elementor-element elementor-element-5021166 elementor-widget elementor-widget-heading\" data-id=\"5021166\" data-element_type=\"widget\" data-e-type=\"widget\" data-widget_type=\"heading.default\">\n\t\t\t\t<div class=\"elementor-widget-container\">\n\t\t\t\t\t<h1 class=\"elementor-heading-title elementor-size-default\">Politique de confidentialit\u00e9<\/h1>\t\t\t\t<\/div>\n\t\t\t\t<\/div>\n\t\t\t\t<div class=\"elementor-element elementor-element-e134df3 elementor-widget elementor-widget-text-editor\" data-id=\"e134df3\" data-element_type=\"widget\" data-e-type=\"widget\" data-widget_type=\"text-editor.default\">\n\t\t\t\t<div class=\"elementor-widget-container\">\n\t\t\t\t\t\t\t\t\t<p align=\"LEFT\"><a href=\"http:\/\/www.refletsdarbres.fr\/\">www.refletsarbres.fr<\/a><\/p>\n<p align=\"LEFT\">Marine Jouin<\/p>\n<p align=\"LEFT\">Type de site\u00a0: e-commerce<\/p>\n<h3 align=\"LEFT\"><em><b>&gt; Le but de cette politique de confidentialit\u00e9<\/b><\/em><\/h3>\n<p align=\"LEFT\">Le but de cette politique de confidentialit\u00e9 est d\u2019informer les utilisateurs de notre site des donn\u00e9es personnelles que nous recueillerons ainsi que les informations suivantes, le cas \u00e9ch\u00e9ant :<\/p>\n<p align=\"LEFT\">a. Les donn\u00e9es personnelles que nous recueillerons<\/p>\n<p align=\"LEFT\">b. L\u2019utilisation des donn\u00e9es recueillies<\/p>\n<p align=\"LEFT\">c. Qui a acc\u00e8s aux donn\u00e9es recueillies<\/p>\n<p align=\"LEFT\">d. Les droits des utilisateurs du site<\/p>\n<p align=\"LEFT\">e. La politique de cookies du site<\/p>\n<p align=\"LEFT\">Cette politique de confidentialit\u00e9 fonctionne parall\u00e8lement aux conditions g\u00e9n\u00e9rales d\u2019utilisation de notre site.<\/p>\n<h3 align=\"LEFT\"><em><b>&gt; Lois applicables<\/b><\/em><\/h3>\n<p align=\"LEFT\">Conform\u00e9ment au <i>R\u00e8glement g\u00e9n\u00e9ral sur la protection des donn\u00e9es <\/i>(RGPD), cette politique de confidentialit\u00e9 est conforme aux r\u00e8glements suivants.Les donn\u00e9es \u00e0 caract\u00e8re personnel doivent \u00eatre :<\/p>\n<p align=\"LEFT\">a. trait\u00e9es de mani\u00e8re licite, loyale et transparente au regard de la personne concern\u00e9e (lic\u00e9it\u00e9, loyaut\u00e9, transparence) ;<\/p>\n<p align=\"LEFT\">b. collect\u00e9es pour des finalit\u00e9s d\u00e9termin\u00e9es, explicites et l\u00e9gitimes, et ne pas \u00eatre trait\u00e9es ult\u00e9rieurement d\u2019une mani\u00e8re incompatible avec ces finalit\u00e9s; le traitement ult\u00e9rieur \u00e0 des fins archivistiques dans l\u2019int\u00e9r\u00eat public, \u00e0 des fins de recherche scientifique ou historique ou \u00e0 des fins statistiques n\u2019est pas consid\u00e9r\u00e9, conform\u00e9ment \u00e0 l\u2019article 89, paragraphe 1, comme incompatible avec les finalit\u00e9s initiales (limitation des finalit\u00e9s) ;<\/p>\n<p align=\"LEFT\">c. ad\u00e9quates, pertinentes et limit\u00e9es \u00e0 ce qui est n\u00e9cessaire au regard des finalit\u00e9s pour lesquelles elles sont trait\u00e9es (minimisation des donn\u00e9es) ;<\/p>\n<p align=\"LEFT\">d. exactes et, si n\u00e9cessaire, tenues \u00e0 jour; toutes les mesures raisonnables doivent \u00eatre prises pour que les donn\u00e9es \u00e0 caract\u00e8re personnel qui sont inexactes, eu \u00e9gard aux finalit\u00e9s pour lesquelles elles sont trait\u00e9es, soient effac\u00e9es ou rectifi\u00e9es sans tarder(exactitude) ;<\/p>\n<p align=\"LEFT\">e. conserv\u00e9es sous une forme permettant l\u2019identification des personnes concern\u00e9es pendant une dur\u00e9e n\u2019exc\u00e9dant pas celle n\u00e9cessaire au regard des finalit\u00e9s pour lesquelles elles sont trait\u00e9es; les donn\u00e9es \u00e0 caract\u00e8re personnel peuvent \u00eatre conserv\u00e9es pour des dur\u00e9es plus longues dans la mesure o\u00f9 elles seront f. trait\u00e9es exclusivement \u00e0 des fins archivistiques dans l\u2019int\u00e9r\u00eat public,\u00e0 des fins de recherche scientifique ou historique ou \u00e0 des fins statistiques conform\u00e9ment \u00e0 l\u2019article 89, paragraphe 1, pour autant que soient mises en \u0153uvre les mesures techniques et organisationnelles appropri\u00e9es requises par le r\u00e8glement afin de garantir les droits et libert\u00e9s de la personne concern\u00e9e (limitation de la conservation) ;<\/p>\n<p align=\"LEFT\">trait\u00e9es de fa\u00e7on \u00e0 garantir une s\u00e9curit\u00e9 appropri\u00e9e des donn\u00e9es \u00e0 caract\u00e8re personnel, y compris la protection contre le traitement non autoris\u00e9 ou illicite et contre la perte, la destruction ou les d\u00e9g\u00e2ts d\u2019origine accidentelle, \u00e0 l\u2019aide de mesures techniques ou organisationnelles appropri\u00e9es (int\u00e9grit\u00e9 et confidentialit\u00e9).<\/p>\n<p align=\"LEFT\">Le traitement n\u2019est licite que si, et dans la mesure o\u00f9, au moins une des conditions suivantes est remplie :<\/p>\n<p align=\"LEFT\">a. la personne concern\u00e9e a consenti au traitement de ses donn\u00e9es \u00e0 caract\u00e8re personnel pour une ou plusieurs finalit\u00e9s sp\u00e9cifiques<\/p>\n<p align=\"LEFT\">b. le traitement est n\u00e9cessaire \u00e0 l\u2019ex\u00e9cution d\u2019un contrat auquel la personne concern\u00e9e est partie ou \u00e0 l\u2019ex\u00e9cution de mesures pr\u00e9contractuelles prises \u00e0 la demande de celle-ci ;<\/p>\n<p align=\"LEFT\">c. le traitement est n\u00e9cessaire au respect d\u2019une obligation l\u00e9gale \u00e0 laquelle le responsable du traitement est soumis ;<\/p>\n<p align=\"LEFT\">d. le traitement est n\u00e9cessaire \u00e0 la sauvegarde des int\u00e9r\u00eats vitaux de la personne concern\u00e9e ou d\u2019une autre personne physique ;<\/p>\n<p align=\"LEFT\">e. le traitement est n\u00e9cessaire \u00e0 l\u2019ex\u00e9cution d\u2019une mission d\u2019int\u00e9r\u00eat public ou relevant de l\u2019exercice de l\u2019autorit\u00e9 publique dont est investi le responsable du traitement ;<\/p>\n<p align=\"LEFT\">f. le traitement est n\u00e9cessaire aux fins des int\u00e9r\u00eats l\u00e9gitimes poursuivis par le responsable du traitement ou par un tiers, \u00e0 moins que ne pr\u00e9valent les int\u00e9r\u00eats ou les libert\u00e9s et droits fondamentaux de la personne concern\u00e9e qui exigent une protection des donn\u00e9es \u00e0 caract\u00e8re personnel, notamment lorsque la personne concern\u00e9e est un enfant.<\/p>\n<h3 align=\"LEFT\"><em><b>&gt; Consentement <\/b><\/em><\/h3>\n<p align=\"LEFT\">Les utilisateurs conviennent qu\u2019en utilisant notre site, ils consentent \u00e0 :<\/p>\n<p align=\"LEFT\">a. les conditions \u00e9nonc\u00e9es dans la pr\u00e9sente politique de confidentialit\u00e9 et<\/p>\n<p align=\"LEFT\">b. la collecte, l\u2019utilisation et la conservation des donn\u00e9es \u00e9num\u00e9r\u00e9es dans la pr\u00e9sente politique.<\/p>\n<h3 align=\"LEFT\"><em><b>&gt; Donn\u00e9es personnelles que nous collectons<\/b><\/em><\/h3>\n<h5 align=\"LEFT\"><em><b>\u2013 Donn\u00e9es collect\u00e9es automatiquement<\/b><\/em><\/h5>\n<p align=\"LEFT\">Nous ne collectons aucune donn\u00e9e automatiquement sur notre site.<\/p>\n<h5 align=\"LEFT\"><em><b>\u2013 Donn\u00e9es recueillies de fa\u00e7on non automatique<\/b><\/em><\/h5>\n<p align=\"LEFT\">Nous pouvons \u00e9galement collecter les donn\u00e9es suivantes lorsque vous effectuez certaines fonctions sur notre site :<\/p>\n<p align=\"LEFT\">a. Pr\u00e9nom et nom<\/p>\n<p align=\"LEFT\">b. Email<\/p>\n<p align=\"LEFT\">c. Num\u00e9ro de t\u00e9l\u00e9phone<\/p>\n<p align=\"LEFT\">d. Domicile<\/p>\n<p align=\"LEFT\">e. Information de paiement<\/p>\n<p align=\"LEFT\">Ces donn\u00e9es peuvent \u00eatre recueillies au moyen des m\u00e9thodes suivantes :<\/p>\n<p align=\"LEFT\">Enregistrement d\u2019un compte<\/p>\n<p align=\"LEFT\">Formulaire de contact<\/p>\n<p align=\"LEFT\">Veuillez noter que nous ne collectons que les donn\u00e9es qui nous aident \u00e0 atteindre l\u2019objectif \u00e9nonc\u00e9 dans cette politique de confidentialit\u00e9. Nous ne recueillerons pas de donn\u00e9es suppl\u00e9mentaires sans vous en informer au pr\u00e9alable.<\/p>\n<h3 align=\"LEFT\"><em><b>&gt; Comment nous utilisons les donn\u00e9es personnelles<\/b><\/em><\/h3>\n<p align=\"LEFT\">Les donn\u00e9es personnelles recueillies sur notre site seront utilis\u00e9es uniquement aux fins pr\u00e9cis\u00e9es dans la pr\u00e9sente politique ou indiqu\u00e9es sur les pages pertinentes de notre site. Nous n\u2019utiliserons pas vos donn\u00e9es au-del\u00e0 de ce que nous divulguerons.<\/p>\n<p align=\"LEFT\">Les donn\u00e9es que nous recueillons lorsque l\u2019utilisateur ex\u00e9cute certaines fonctions peuvent \u00eatre utilis\u00e9es aux fins suivantes :<\/p>\n<p align=\"LEFT\">a. Contact avec le client<\/p>\n<p align=\"LEFT\">b. Facturation<\/p>\n<h3 align=\"LEFT\"><em><b>&gt; Avec qui nous partageons les donn\u00e9es personnelles<\/b><\/em><\/h3>\n<h5 align=\"LEFT\"><em><b>\u2013 Employ\u00e9s <\/b><\/em><\/h5>\n<p align=\"LEFT\">Nous pouvons divulguer \u00e0 tout membre de notre organisation les donn\u00e9es utilisateur dont il a raisonnablement besoin pour r\u00e9aliser les objectifs \u00e9nonc\u00e9s dans la pr\u00e9sente politique.<\/p>\n<h5 align=\"LEFT\"><em><b>\u2013 Tierces parties <\/b><\/em><\/h5>\n<p align=\"LEFT\">Les tiers ne seront pas en mesure d\u2019acc\u00e9der aux donn\u00e9es des utilisateurs.<\/p>\n<h5 align=\"LEFT\"><em><b>\u2013 Autres divulgations<\/b><\/em><\/h5>\n<p align=\"LEFT\">Nous nous engageons \u00e0 ne pas vendre ou partager vos donn\u00e9es avec des tiers, sauf dans les cas suivants :<\/p>\n<p align=\"LEFT\">a.si la loi l\u2019exige<\/p>\n<p align=\"LEFT\">b. si elle est requise pour toute proc\u00e9dure judiciaire<\/p>\n<p align=\"LEFT\">c. pour prouver ou prot\u00e9ger nos droits l\u00e9gaux<\/p>\n<p align=\"LEFT\">d. \u00e0 des acheteurs ou des acheteurs potentiels de cette soci\u00e9t\u00e9 dans le cas o\u00f9 nous cherchons \u00e0 la vendre la soci\u00e9t\u00e9<\/p>\n<p align=\"LEFT\">Si vous suivez des hyperliens de notre site vers un autre site, veuillez noter que nous ne sommes pas responsables et n\u2019avons pas de contr\u00f4le sur leurs politiques et pratiques de confidentialit\u00e9.<\/p>\n<h3 align=\"LEFT\"><em><b>&gt; Combien de temps nous stockons les donn\u00e9es personnelles<\/b><\/em><\/h3>\n<p align=\"LEFT\">Nous ne conservons pas les donn\u00e9es des utilisateurs au-del\u00e0 de ce qui est n\u00e9cessaire pour atteindre les fins pour lesquelles elles sont recueillies.<\/p>\n<h3 align=\"LEFT\"><em><b>&gt; Comment nous prot\u00e9geons vos donn\u00e9es personnelles <\/b><\/em><\/h3>\n<p align=\"LEFT\">Toutes les donn\u00e9es stock\u00e9es sont s\u00e9curis\u00e9es et ne sont accessibles qu\u2019\u00e0 Marine Jouin. Alors que nous prenons toutes les pr\u00e9cautions raisonnables pour nous assurer que nos donn\u00e9es d\u2019utilisateur sont s\u00e9curis\u00e9es et que les utilisateurs sont prot\u00e9g\u00e9s, il reste toujours du risque de pr\u00e9judice. L\u2019Internet en sa totalit\u00e9 peut \u00eatre, parfois, peu s\u00fbr et donc nous sommes incapables de garantir la s\u00e9curit\u00e9 des donn\u00e9es des utilisateurs au-del\u00e0 de ce qui est raisonnablement pratique.<\/p>\n<h3 align=\"LEFT\"><em><b>&gt; Mineurs<\/b><\/em><\/h3>\n<p align=\"LEFT\">Le RGPD pr\u00e9cise que les personnes de moins de 15 ans sont consid\u00e9r\u00e9es comme des mineurs aux fins de la collecte de donn\u00e9es. Les mineurs doivent avoir le consentement d\u2019un repr\u00e9sentant l\u00e9gal pour que leurs donn\u00e9es soient recueillies, trait\u00e9es et utilis\u00e9es.<\/p>\n<h3 align=\"LEFT\"><em><b>&gt; Vos droits en tant qu\u2019utilisateur<\/b><\/em><\/h3>\n<p align=\"LEFT\">En vertu du RGPD, les utilisateurs ont les droits suivants en tant que personnes concern\u00e9es :<\/p>\n<p align=\"LEFT\">a. droit d\u2019acc\u00e8s<\/p>\n<p align=\"LEFT\">b. droit de rectification<\/p>\n<p align=\"LEFT\">c. droit \u00e0 l\u2019effacement<\/p>\n<p align=\"LEFT\">d. droit de restreindre le traitement<\/p>\n<p align=\"LEFT\">e. droit \u00e0 la portabilit\u00e9 des donn\u00e9es<\/p>\n<p align=\"LEFT\">f. droit d\u2019objection<\/p>\n<p align=\"LEFT\">Vous trouverez de plus amples informations sur ces droits au chapitre 3 (art 12-23) du RGPD.<\/p>\n<h3 align=\"LEFT\"><em><b>&gt; Comment modifier, supprimer ou contester les donn\u00e9es recueillies<\/b><\/em><\/h3>\n<p align=\"LEFT\">Vous trouverez de plus amples informations sur ces droits au chapitre 3 (art 12-23) du RGPD.<\/p>\n<p align=\"LEFT\">Si vous souhaitez que vos renseignements soient supprim\u00e9s ou modifi\u00e9s d\u2019une fa\u00e7on ou d\u2019une autre, veuillez communiquer avec notre agent de protection de la vie priv\u00e9e ici : Marine Jouin, contact@refletsdarbres.fr.<\/p>\n<h3 align=\"LEFT\"><em><b>&gt; Modifications<\/b><\/em><\/h3>\n<p align=\"LEFT\">Cette politique de confidentialit\u00e9 peut \u00eatre modifi\u00e9e \u00e0 l\u2019occasion afin de maintenir la conformit\u00e9 avec la loi et de tenir compte de tout changement \u00e0 notre processus de collecte de donn\u00e9es. Nous recommandons \u00e0 nos utilisateurs de v\u00e9rifier notre politique de temps \u00e0 autre pour s\u2019assurer qu\u2019ils soient inform\u00e9s de toute mise \u00e0 jour. Au besoin, nous pouvons informer les utilisateurs par courriel des changements apport\u00e9s \u00e0 cette politique.<\/p>\n<h3 align=\"LEFT\"><em><b>&gt; Contact<\/b><\/em><\/h3>\n<p align=\"LEFT\">Si vous avez des questions \u00e0 nous poser, n\u2019h\u00e9sitez pas \u00e0 communiquer avec nous en utilisant ce qui suit :<\/p>\n<p align=\"LEFT\">contact@refletsdarbres.fr<\/p>\n<p align=\"LEFT\">Chemin de la grange, 24580 Plazac<\/p>\n<p align=\"LEFT\"><i>Date d\u2019entr\u00e9e en vigueur : <\/i>le 28 septembre 2024<\/p>\t\t\t\t\t\t\t\t<\/div>\n\t\t\t\t<\/div>\n\t\t\t\t\t<\/div>\n\t\t\t\t<\/div>\n\t\t\t\t<\/div>\n\t\t","protected":false},"excerpt":{"rendered":"<p>Politique de confidentialit\u00e9 www.refletsarbres.fr Marine Jouin Type de site\u00a0: e-commerce &gt; Le but de cette politique de confidentialit\u00e9 Le but de cette politique de confidentialit\u00e9 est d\u2019informer les utilisateurs de notre site des donn\u00e9es personnelles que nous recueillerons ainsi que les informations suivantes, le cas \u00e9ch\u00e9ant : a. Les donn\u00e9es personnelles que nous recueillerons b. [&hellip;]<\/p>\n","protected":false},"author":1,"featured_media":0,"parent":0,"menu_order":0,"comment_status":"closed","ping_status":"closed","template":"","meta":{"footnotes":""},"class_list":["post-3","page","type-page","status-publish","hentry","entry","owp-thumbs-layout-horizontal","owp-btn-normal","owp-tabs-layout-section","has-no-thumbnails","has-product-nav"],"_links":{"self":[{"href":"https:\/\/refletsdarbres.fr\/index.php\/wp-json\/wp\/v2\/pages\/3","targetHints":{"allow":["GET"]}}],"collection":[{"href":"https:\/\/refletsdarbres.fr\/index.php\/wp-json\/wp\/v2\/pages"}],"about":[{"href":"https:\/\/refletsdarbres.fr\/index.php\/wp-json\/wp\/v2\/types\/page"}],"author":[{"embeddable":true,"href":"https:\/\/refletsdarbres.fr\/index.php\/wp-json\/wp\/v2\/users\/1"}],"replies":[{"embeddable":true,"href":"https:\/\/refletsdarbres.fr\/index.php\/wp-json\/wp\/v2\/comments?post=3"}],"version-history":[{"count":4,"href":"https:\/\/refletsdarbres.fr\/index.php\/wp-json\/wp\/v2\/pages\/3\/revisions"}],"predecessor-version":[{"id":474,"href":"https:\/\/refletsdarbres.fr\/index.php\/wp-json\/wp\/v2\/pages\/3\/revisions\/474"}],"wp:attachment":[{"href":"https:\/\/refletsdarbres.fr\/index.php\/wp-json\/wp\/v2\/media?parent=3"}],"curies":[{"name":"wp","href":"https:\/\/api.w.org\/{rel}","templated":true}]}}