{"id":1628,"date":"2025-09-30T20:11:48","date_gmt":"2025-09-30T18:11:48","guid":{"rendered":"https:\/\/refletsdarbres.fr\/?page_id=1628"},"modified":"2025-09-30T20:21:39","modified_gmt":"2025-09-30T18:21:39","slug":"les-collegues","status":"publish","type":"page","link":"https:\/\/refletsdarbres.fr\/index.php\/les-collegues\/","title":{"rendered":"Les coll\u00e8gues"},"content":{"rendered":"\t\t<div data-elementor-type=\"wp-page\" data-elementor-id=\"1628\" class=\"elementor elementor-1628\">\n\t\t\t\t<div class=\"elementor-element elementor-element-57958c3 e-flex e-con-boxed e-con e-parent\" data-id=\"57958c3\" data-element_type=\"container\" data-e-type=\"container\">\n\t\t\t\t\t<div class=\"e-con-inner\">\n\t\t\t\t<div class=\"elementor-element elementor-element-f809109 elementor-widget elementor-widget-heading\" data-id=\"f809109\" data-element_type=\"widget\" data-e-type=\"widget\" data-widget_type=\"heading.default\">\n\t\t\t\t<div class=\"elementor-widget-container\">\n\t\t\t\t\t<h1 class=\"elementor-heading-title elementor-size-default\">Les autres p\u00e9pini\u00e9ristes du secteur<\/h1>\t\t\t\t<\/div>\n\t\t\t\t<\/div>\n\t\t\t\t\t<\/div>\n\t\t\t\t<\/div>\n\t\t<div class=\"elementor-element elementor-element-3465a97 e-flex e-con-boxed e-con e-parent\" data-id=\"3465a97\" data-element_type=\"container\" data-e-type=\"container\">\n\t\t\t\t\t<div class=\"e-con-inner\">\n\t\t\t\t<div class=\"elementor-element elementor-element-7c99f15 elementor-widget elementor-widget-text-editor\" data-id=\"7c99f15\" data-element_type=\"widget\" data-e-type=\"widget\" data-widget_type=\"text-editor.default\">\n\t\t\t\t<div class=\"elementor-widget-container\">\n\t\t\t\t\t\t\t\t\t<p>Vous ne trouvez pas la vari\u00e9t\u00e9 recherch\u00e9e ici ?<\/p><p>Voici les liens vers quelques coll\u00e8gues situ\u00e9s \u00e0 proximit\u00e9, eux aussi travaillent en plein champs et agriculture biologique. Il suffit de cliquer sur leurs noms<\/p><ul><li><a href=\"https:\/\/www.legoutdesarbres.fr\/\"><span style=\"text-decoration: underline;\">Mathieu &#8211; Le Go\u00fbt des arbres \u00e0 Lalinde<\/span><\/a><\/li><li><span style=\"text-decoration: underline;\"><a href=\"https:\/\/pepiniere-marcotte.fr\/\">Marc &#8211; P\u00e9pini\u00e8re Marcotte \u00e0 Mauzens et Miremont<\/a><\/span><\/li><li><a href=\"https:\/\/www.pepifruit.fr\/\"><span style=\"text-decoration: underline;\">Charlotte &#8211; P\u00e9pi Fruit \u00e0 La Feuillade<\/span><\/a><\/li><li><a href=\"https:\/\/fruitfromdesire24.wixsite.com\/fruit-from-desire\"><span style=\"text-decoration: underline;\">Tim &#8211; Fruit from desire \u00e0 Bars<\/span><\/a><\/li><\/ul><p>Et si vous habitez dans une vall\u00e9e froide, <span style=\"text-decoration: underline;\"><a href=\"https:\/\/lafermedemargaux.fr\/\">La ferme de Margaux<\/a><\/span> vous propose des fruitiers adapt\u00e9s \u00e0 la culture au froid et en altitude et vous les exp\u00e9die depuis le d\u00e9partement du Puy de D\u00f4me.<\/p>\t\t\t\t\t\t\t\t<\/div>\n\t\t\t\t<\/div>\n\t\t\t\t\t<\/div>\n\t\t\t\t<\/div>\n\t\t\t\t<\/div>\n\t\t","protected":false},"excerpt":{"rendered":"<p>Les autres p\u00e9pini\u00e9ristes du secteur Vous ne trouvez pas la vari\u00e9t\u00e9 recherch\u00e9e ici ? Voici les liens vers quelques coll\u00e8gues situ\u00e9s \u00e0 proximit\u00e9, eux aussi travaillent en plein champs et agriculture biologique. Il suffit de cliquer sur leurs noms Mathieu &#8211; Le Go\u00fbt des arbres \u00e0 Lalinde Marc &#8211; P\u00e9pini\u00e8re Marcotte \u00e0 Mauzens et Miremont [&hellip;]<\/p>\n","protected":false},"author":1,"featured_media":0,"parent":0,"menu_order":0,"comment_status":"closed","ping_status":"closed","template":"","meta":{"footnotes":""},"class_list":["post-1628","page","type-page","status-publish","hentry","entry","owp-thumbs-layout-horizontal","owp-btn-normal","owp-tabs-layout-section","has-no-thumbnails","has-product-nav"],"_links":{"self":[{"href":"https:\/\/refletsdarbres.fr\/index.php\/wp-json\/wp\/v2\/pages\/1628","targetHints":{"allow":["GET"]}}],"collection":[{"href":"https:\/\/refletsdarbres.fr\/index.php\/wp-json\/wp\/v2\/pages"}],"about":[{"href":"https:\/\/refletsdarbres.fr\/index.php\/wp-json\/wp\/v2\/types\/page"}],"author":[{"embeddable":true,"href":"https:\/\/refletsdarbres.fr\/index.php\/wp-json\/wp\/v2\/users\/1"}],"replies":[{"embeddable":true,"href":"https:\/\/refletsdarbres.fr\/index.php\/wp-json\/wp\/v2\/comments?post=1628"}],"version-history":[{"count":7,"href":"https:\/\/refletsdarbres.fr\/index.php\/wp-json\/wp\/v2\/pages\/1628\/revisions"}],"predecessor-version":[{"id":1635,"href":"https:\/\/refletsdarbres.fr\/index.php\/wp-json\/wp\/v2\/pages\/1628\/revisions\/1635"}],"wp:attachment":[{"href":"https:\/\/refletsdarbres.fr\/index.php\/wp-json\/wp\/v2\/media?parent=1628"}],"curies":[{"name":"wp","href":"https:\/\/api.w.org\/{rel}","templated":true}]}}